{"id":314,"date":"2019-09-24T15:09:50","date_gmt":"2019-09-24T13:09:50","guid":{"rendered":"https:\/\/www.longfield-avocats.fr\/?page_id=314"},"modified":"2021-02-23T22:48:46","modified_gmt":"2021-02-23T21:48:46","slug":"informations-legales","status":"publish","type":"page","link":"https:\/\/www.longfield-avocats.fr\/en\/informations-legales\/","title":{"rendered":"Legal notices"},"content":{"rendered":"<p>LONGFIELD SOCI\u00c9T\u00c9 D\u2019AVOCATS est une soci\u00e9t\u00e9 d&rsquo;exercice lib\u00e9ral par actions simplifi\u00e9e \u00e0 capital variable, immatricul\u00e9e au RCS de Montauban sous le n\u00b0 880 438 080. Son si\u00e8ge social est situ\u00e9 21 rue de la R\u00e9publique, 82400 VALENCE-D&rsquo;AGEN.&nbsp;<\/p>\n\n\n\n<p>The website&nbsp;<a href=\"http:\/\/www.longfield-avocats.fr\/en\/\">www.longfield-avocats.fr<\/a>&nbsp; is edited by the legal representative of LONGFIELD SOCI\u00c9T\u00c9 D\u2019AVOCATS and the company providing the hosting services of this website is GANDI SAS with its head office located at 63-65 boulevard Mass\u00e9na, 75013 PARIS, FRANCE. <\/p>\n\n\n\n<p>By using our website you agree to the processing of your personal data in accordance with our <a href=\"https:\/\/www.longfield-avocats.fr\/en\/politique-de-confidentialite\/\">privacy policy<\/a>. <\/p>\n\n\n\n<p>Please feel free to <a href=\"https:\/\/www.longfield-avocats.fr\/en\/nous-contacter\/\">contact us<\/a> for any query.<\/p>","protected":false},"excerpt":{"rendered":"<p>LONGFIELD SOCI\u00c9T\u00c9 D\u2019AVOCATS est une soci\u00e9t\u00e9 d&rsquo;exercice lib\u00e9ral par actions simplifi\u00e9e \u00e0 capital variable, immatricul\u00e9e au RCS de Montauban sous le n\u00b0 880 438 080. Son si\u00e8ge social est situ\u00e9 21 rue de la R\u00e9publique, 82400 VALENCE-D&rsquo;AGEN.&nbsp; Le directeur de la publication du site internet&nbsp;www.longfield-avocats.fr&nbsp; est le pr\u00e9sident de LONGFIELD SOCI\u00c9T\u00c9 D\u2019AVOCATS et le prestataire &hellip; <\/p>\n<p class=\"link-more\"><a href=\"https:\/\/www.longfield-avocats.fr\/en\/informations-legales\/\" class=\"more-link\">Continue reading<span class=\"screen-reader-text\"> \u00ab\u00a0Informations l\u00e9gales\u00a0\u00bb<\/span><\/a><\/p>","protected":false},"author":1,"featured_media":0,"parent":0,"menu_order":3,"comment_status":"closed","ping_status":"closed","template":"","meta":{"footnotes":""},"class_list":["post-314","page","type-page","status-publish","hentry"],"yoast_head":"<!-- This site is optimized with the Yoast SEO plugin v27.5 - https:\/\/yoast.com\/product\/yoast-seo-wordpress\/ -->\n<title>Longfield soci\u00e9t\u00e9 d&#039;avocats, VALENCE-D&#039;AGEN, Barreau de MONTAUBAN<\/title>\n<meta name=\"description\" content=\"Longfield soci\u00e9t\u00e9 d&#039;avocats, 21 rue de la R\u00e9publique, 82400 VALENCE-D&#039;AGEN, France. Barreau de Montauban. RCS Montauban n\u00b0880 438 080.\" \/>\n<meta name=\"robots\" content=\"index, follow, max-snippet:-1, max-image-preview:large, max-video-preview:-1\" \/>\n<link rel=\"canonical\" href=\"https:\/\/www.longfield-avocats.fr\/en\/informations-legales\/\" \/>\n<meta property=\"og:locale\" content=\"en_GB\" \/>\n<meta property=\"og:type\" content=\"article\" \/>\n<meta property=\"og:title\" content=\"Longfield soci\u00e9t\u00e9 d&#039;avocats, VALENCE-D&#039;AGEN, Barreau de MONTAUBAN\" \/>\n<meta property=\"og:description\" content=\"Longfield soci\u00e9t\u00e9 d&#039;avocats, 21 rue de la R\u00e9publique, 82400 VALENCE-D&#039;AGEN, France. Barreau de Montauban. RCS Montauban n\u00b0880 438 080.\" \/>\n<meta property=\"og:url\" content=\"https:\/\/www.longfield-avocats.fr\/en\/informations-legales\/\" \/>\n<meta property=\"og:site_name\" content=\"LONGFIELD SOCI\u00c9T\u00c9 D\u2019AVOCATS\" \/>\n<meta property=\"article:modified_time\" content=\"2021-02-23T21:48:46+00:00\" \/>\n<meta name=\"twitter:card\" content=\"summary_large_image\" \/>\n<meta name=\"twitter:label1\" content=\"Estimated reading time\" \/>\n\t<meta name=\"twitter:data1\" content=\"1 minute\" \/>\n<script type=\"application\/ld+json\" class=\"yoast-schema-graph\">{\"@context\":\"https:\\\/\\\/schema.org\",\"@graph\":[{\"@type\":\"WebPage\",\"@id\":\"https:\\\/\\\/www.longfield-avocats.fr\\\/fr_fr\\\/informations-legales\\\/\",\"url\":\"https:\\\/\\\/www.longfield-avocats.fr\\\/fr_fr\\\/informations-legales\\\/\",\"name\":\"Longfield soci\u00e9t\u00e9 d'avocats, VALENCE-D'AGEN, Barreau de MONTAUBAN\",\"isPartOf\":{\"@id\":\"https:\\\/\\\/www.longfield-avocats.fr\\\/fr_fr\\\/#website\"},\"datePublished\":\"2019-09-24T13:09:50+00:00\",\"dateModified\":\"2021-02-23T21:48:46+00:00\",\"description\":\"Longfield soci\u00e9t\u00e9 d'avocats, 21 rue de la R\u00e9publique, 82400 VALENCE-D'AGEN, France. Barreau de Montauban. RCS Montauban n\u00b0880 438 080.\",\"breadcrumb\":{\"@id\":\"https:\\\/\\\/www.longfield-avocats.fr\\\/fr_fr\\\/informations-legales\\\/#breadcrumb\"},\"inLanguage\":\"en-GB\",\"potentialAction\":[{\"@type\":\"ReadAction\",\"target\":[\"https:\\\/\\\/www.longfield-avocats.fr\\\/fr_fr\\\/informations-legales\\\/\"]}]},{\"@type\":\"BreadcrumbList\",\"@id\":\"https:\\\/\\\/www.longfield-avocats.fr\\\/fr_fr\\\/informations-legales\\\/#breadcrumb\",\"itemListElement\":[{\"@type\":\"ListItem\",\"position\":1,\"name\":\"Accueil\",\"item\":\"https:\\\/\\\/www.longfield-avocats.fr\\\/fr_fr\\\/\"},{\"@type\":\"ListItem\",\"position\":2,\"name\":\"Informations l\u00e9gales\"}]},{\"@type\":\"WebSite\",\"@id\":\"https:\\\/\\\/www.longfield-avocats.fr\\\/fr_fr\\\/#website\",\"url\":\"https:\\\/\\\/www.longfield-avocats.fr\\\/fr_fr\\\/\",\"name\":\"LONGFIELD SOCI\u00c9T\u00c9 D\u2019AVOCATS\",\"description\":\"au service de soci\u00e9t\u00e9s et de particuliers que nous conseillons en fran\u00e7ais ou en anglais.\",\"publisher\":{\"@id\":\"https:\\\/\\\/www.longfield-avocats.fr\\\/fr_fr\\\/#organization\"},\"potentialAction\":[{\"@type\":\"SearchAction\",\"target\":{\"@type\":\"EntryPoint\",\"urlTemplate\":\"https:\\\/\\\/www.longfield-avocats.fr\\\/fr_fr\\\/?s={search_term_string}\"},\"query-input\":{\"@type\":\"PropertyValueSpecification\",\"valueRequired\":true,\"valueName\":\"search_term_string\"}}],\"inLanguage\":\"en-GB\"},{\"@type\":\"Organization\",\"@id\":\"https:\\\/\\\/www.longfield-avocats.fr\\\/fr_fr\\\/#organization\",\"name\":\"LONGFIELD SOCI\u00c9T\u00c9 D\u2019AVOCATS\",\"url\":\"https:\\\/\\\/www.longfield-avocats.fr\\\/fr_fr\\\/\",\"logo\":{\"@type\":\"ImageObject\",\"inLanguage\":\"en-GB\",\"@id\":\"https:\\\/\\\/www.longfield-avocats.fr\\\/fr_fr\\\/#\\\/schema\\\/logo\\\/image\\\/\",\"url\":\"https:\\\/\\\/www.longfield-avocats.fr\\\/wp-content\\\/uploads\\\/2019\\\/09\\\/longfield_avocats_logo_250x250.png\",\"contentUrl\":\"https:\\\/\\\/www.longfield-avocats.fr\\\/wp-content\\\/uploads\\\/2019\\\/09\\\/longfield_avocats_logo_250x250.png\",\"width\":250,\"height\":250,\"caption\":\"LONGFIELD SOCI\u00c9T\u00c9 D\u2019AVOCATS\"},\"image\":{\"@id\":\"https:\\\/\\\/www.longfield-avocats.fr\\\/fr_fr\\\/#\\\/schema\\\/logo\\\/image\\\/\"}}]}<\/script>\n<!-- \/ Yoast SEO plugin. -->","yoast_head_json":{"title":"Longfield soci\u00e9t\u00e9 d'avocats, VALENCE-D'AGEN, Barreau de MONTAUBAN","description":"Longfield soci\u00e9t\u00e9 d'avocats, 21 rue de la R\u00e9publique, 82400 VALENCE-D'AGEN, France. Barreau de Montauban. RCS Montauban n\u00b0880 438 080.","robots":{"index":"index","follow":"follow","max-snippet":"max-snippet:-1","max-image-preview":"max-image-preview:large","max-video-preview":"max-video-preview:-1"},"canonical":"https:\/\/www.longfield-avocats.fr\/en\/informations-legales\/","og_locale":"en_GB","og_type":"article","og_title":"Longfield soci\u00e9t\u00e9 d'avocats, VALENCE-D'AGEN, Barreau de MONTAUBAN","og_description":"Longfield soci\u00e9t\u00e9 d'avocats, 21 rue de la R\u00e9publique, 82400 VALENCE-D'AGEN, France. Barreau de Montauban. RCS Montauban n\u00b0880 438 080.","og_url":"https:\/\/www.longfield-avocats.fr\/en\/informations-legales\/","og_site_name":"LONGFIELD SOCI\u00c9T\u00c9 D\u2019AVOCATS","article_modified_time":"2021-02-23T21:48:46+00:00","twitter_card":"summary_large_image","twitter_misc":{"Estimated reading time":"1 minute"},"schema":{"@context":"https:\/\/schema.org","@graph":[{"@type":"WebPage","@id":"https:\/\/www.longfield-avocats.fr\/fr_fr\/informations-legales\/","url":"https:\/\/www.longfield-avocats.fr\/fr_fr\/informations-legales\/","name":"Longfield soci\u00e9t\u00e9 d'avocats, VALENCE-D'AGEN, Barreau de MONTAUBAN","isPartOf":{"@id":"https:\/\/www.longfield-avocats.fr\/fr_fr\/#website"},"datePublished":"2019-09-24T13:09:50+00:00","dateModified":"2021-02-23T21:48:46+00:00","description":"Longfield soci\u00e9t\u00e9 d'avocats, 21 rue de la R\u00e9publique, 82400 VALENCE-D'AGEN, France. Barreau de Montauban. RCS Montauban n\u00b0880 438 080.","breadcrumb":{"@id":"https:\/\/www.longfield-avocats.fr\/fr_fr\/informations-legales\/#breadcrumb"},"inLanguage":"en-GB","potentialAction":[{"@type":"ReadAction","target":["https:\/\/www.longfield-avocats.fr\/fr_fr\/informations-legales\/"]}]},{"@type":"BreadcrumbList","@id":"https:\/\/www.longfield-avocats.fr\/fr_fr\/informations-legales\/#breadcrumb","itemListElement":[{"@type":"ListItem","position":1,"name":"Accueil","item":"https:\/\/www.longfield-avocats.fr\/fr_fr\/"},{"@type":"ListItem","position":2,"name":"Informations l\u00e9gales"}]},{"@type":"WebSite","@id":"https:\/\/www.longfield-avocats.fr\/fr_fr\/#website","url":"https:\/\/www.longfield-avocats.fr\/fr_fr\/","name":"LONGFIELD SOCI\u00c9T\u00c9 D\u2019AVOCATS","description":"we serve the needs of companies and individuals, advising them in French or English.","publisher":{"@id":"https:\/\/www.longfield-avocats.fr\/fr_fr\/#organization"},"potentialAction":[{"@type":"SearchAction","target":{"@type":"EntryPoint","urlTemplate":"https:\/\/www.longfield-avocats.fr\/fr_fr\/?s={search_term_string}"},"query-input":{"@type":"PropertyValueSpecification","valueRequired":true,"valueName":"search_term_string"}}],"inLanguage":"en-GB"},{"@type":"Organization","@id":"https:\/\/www.longfield-avocats.fr\/fr_fr\/#organization","name":"LONGFIELD SOCI\u00c9T\u00c9 D\u2019AVOCATS","url":"https:\/\/www.longfield-avocats.fr\/fr_fr\/","logo":{"@type":"ImageObject","inLanguage":"en-GB","@id":"https:\/\/www.longfield-avocats.fr\/fr_fr\/#\/schema\/logo\/image\/","url":"https:\/\/www.longfield-avocats.fr\/wp-content\/uploads\/2019\/09\/longfield_avocats_logo_250x250.png","contentUrl":"https:\/\/www.longfield-avocats.fr\/wp-content\/uploads\/2019\/09\/longfield_avocats_logo_250x250.png","width":250,"height":250,"caption":"LONGFIELD SOCI\u00c9T\u00c9 D\u2019AVOCATS"},"image":{"@id":"https:\/\/www.longfield-avocats.fr\/fr_fr\/#\/schema\/logo\/image\/"}}]}},"_links":{"self":[{"href":"https:\/\/www.longfield-avocats.fr\/en\/wp-json\/wp\/v2\/pages\/314","targetHints":{"allow":["GET"]}}],"collection":[{"href":"https:\/\/www.longfield-avocats.fr\/en\/wp-json\/wp\/v2\/pages"}],"about":[{"href":"https:\/\/www.longfield-avocats.fr\/en\/wp-json\/wp\/v2\/types\/page"}],"author":[{"embeddable":true,"href":"https:\/\/www.longfield-avocats.fr\/en\/wp-json\/wp\/v2\/users\/1"}],"replies":[{"embeddable":true,"href":"https:\/\/www.longfield-avocats.fr\/en\/wp-json\/wp\/v2\/comments?post=314"}],"version-history":[{"count":13,"href":"https:\/\/www.longfield-avocats.fr\/en\/wp-json\/wp\/v2\/pages\/314\/revisions"}],"predecessor-version":[{"id":708,"href":"https:\/\/www.longfield-avocats.fr\/en\/wp-json\/wp\/v2\/pages\/314\/revisions\/708"}],"wp:attachment":[{"href":"https:\/\/www.longfield-avocats.fr\/en\/wp-json\/wp\/v2\/media?parent=314"}],"curies":[{"name":"wp","href":"https:\/\/api.w.org\/{rel}","templated":true}]}}