{"id":386,"date":"2019-09-26T00:38:21","date_gmt":"2019-09-25T22:38:21","guid":{"rendered":"https:\/\/www.longfield-avocats.fr\/?page_id=386"},"modified":"2021-02-23T22:36:58","modified_gmt":"2021-02-23T21:36:58","slug":"liens","status":"publish","type":"page","link":"https:\/\/www.longfield-avocats.fr\/en\/liens\/","title":{"rendered":"Links"},"content":{"rendered":"<p><strong><em>Some useful links for your legal researches : <\/em><\/strong><\/p>\n\n\n\n<ul class=\"wp-block-list\"><li>How to find the Court with jurisdiction for your matter : <a href=\"http:\/\/www.annuaires.justice.gouv.fr\/annuaires-12162\/liste-des-juridictions-competentes-pour-une-commune-22081.html\">directory<\/a> of Courts<\/li><li>L&rsquo;ensemble des textes l\u00e9gislatifs et r\u00e9glementaires : <a href=\"https:\/\/www.legifrance.gouv.fr\">https:\/\/www.legifrance.gouv.fr<\/a><\/li><li>Website for the <a href=\"https:\/\/www.cnil.fr\/\">CNIL<\/a><\/li><li>In order to <a href=\"https:\/\/www.service-public.fr\/simulateur\/calcul\/pension-alimentaire\">calculate a children alimony<\/a><\/li><li>Check the applicable rate for <a href=\"https:\/\/www.justice.fr\/simulateurs\/saisies-remunerations\">garnishment on employees' wages<\/a><\/li><li>Find the applicable international treaty for family law : <a href=\"http:\/\/jafbase.fr\">JaFBase<\/a><\/li><li>Pour vous aider \u00e0 v\u00e9rifier la valeur d&rsquo;un bien immobilier : <a href=\"https:\/\/app.dvf.etalab.gouv.fr\/\">DVF<\/a><\/li><li>Identify plots of land (cadstral parcels) : <a href=\"https:\/\/www.geoportail.gouv.fr\">https:\/\/www.geoportail.gouv.fr<\/a><\/li><\/ul>\n\n\n\n<p><em><strong>Check-out the <a href=\"https:\/\/www.longfield-avocats.fr\/en\/ressources\/\">resources<\/a> compiled on longfield-avocats.fr<\/strong><\/em><\/p>\n\n\n\n<ul class=\"wp-block-list\"><li><a href=\"https:\/\/www.longfield-avocats.fr\/en\/restitution-du-depot-de-garantie-locatif\/\">Claiming back your deposit<\/a><\/li><li><a href=\"https:\/\/www.longfield-avocats.fr\/en\/ordonnance-de-protection\/\">Emergency Court Protection Order<\/a><\/li><li><a href=\"https:\/\/www.longfield-avocats.fr\/en\/rgpd\/\">GDPR<\/a><\/li><li><a href=\"https:\/\/www.longfield-avocats.fr\/en\/attestation-de-temoin\/\">Witness statement<\/a><\/li><li><a href=\"https:\/\/www.longfield-avocats.fr\/en\/demande-en-injonction-de-payer\/\">Order for payment procedure (in French)<\/a><\/li><li><a href=\"https:\/\/www.longfield-avocats.fr\/en\/plateforme-de-reglement-en-ligne-des-litiges-commission-europeenne\/\">Online Dispute Resolution (European Commission)<\/a><\/li><li><a href=\"https:\/\/www.longfield-avocats.fr\/en\/demande-daide-juridictionnelle\/\">Demande d&rsquo;aide juridictionnelle<\/a><\/li><li><a href=\"https:\/\/www.longfield-avocats.fr\/en\/demande-de-conciliation\/\">Dispute resolution request (French)<\/a><\/li><\/ul>\n\n\n\n<p>Consult <a href=\"https:\/\/www.longfield-avocats.fr\/en\/actualites\/\">here<\/a> les actualit\u00e9s du fil \u00ab\u00a0justice\u00a0\u00bb provenant du site \u00ab\u00a0service-public.fr\u00a0\u00bb<\/p>","protected":false},"excerpt":{"rendered":"<p>Retrouvez des liens utiles pour vos recherches juridiques : Pour trouver le tribunal judiciaire comp\u00e9tent : annuaire des juridictions L&rsquo;ensemble des textes l\u00e9gislatifs et r\u00e9glementaires : https:\/\/www.legifrance.gouv.fr Le site de la CNIL Pour effectuer une simulation de calcul de pension alimentaire Pour consulter le bar\u00e8me applicable en mati\u00e8re de saisies sur r\u00e9mun\u00e9rations Pour trouver la &hellip; <\/p>\n<p class=\"link-more\"><a href=\"https:\/\/www.longfield-avocats.fr\/en\/liens\/\" class=\"more-link\">Continue reading<span class=\"screen-reader-text\"> \u00ab\u00a0Liens\u00a0\u00bb<\/span><\/a><\/p>","protected":false},"author":1,"featured_media":0,"parent":0,"menu_order":0,"comment_status":"closed","ping_status":"closed","template":"","meta":{"footnotes":""},"class_list":["post-386","page","type-page","status-publish","hentry"],"yoast_head":"<!-- This site is optimized with the Yoast SEO plugin v27.5 - https:\/\/yoast.com\/product\/yoast-seo-wordpress\/ -->\n<title>Longfield soci\u00e9t\u00e9 d&#039;avocats, VALENCE-D&#039;AGEN. Barreau de Montauban.<\/title>\n<meta name=\"description\" content=\"Longfield soci\u00e9t\u00e9 d&#039;avocats, 21 rue de la R\u00e9publique, 82400 VALENCE-D&#039;AGEN, France. Barreau de Montauban. RCS Montauban n\u00b0880 438 080.\" \/>\n<meta name=\"robots\" content=\"index, follow, max-snippet:-1, max-image-preview:large, max-video-preview:-1\" \/>\n<link rel=\"canonical\" href=\"https:\/\/www.longfield-avocats.fr\/en\/liens\/\" \/>\n<meta property=\"og:locale\" content=\"en_GB\" \/>\n<meta property=\"og:type\" content=\"article\" \/>\n<meta property=\"og:title\" content=\"Longfield soci\u00e9t\u00e9 d&#039;avocats, VALENCE-D&#039;AGEN. Barreau de Montauban.\" \/>\n<meta property=\"og:description\" content=\"Longfield soci\u00e9t\u00e9 d&#039;avocats, 21 rue de la R\u00e9publique, 82400 VALENCE-D&#039;AGEN, France. Barreau de Montauban. RCS Montauban n\u00b0880 438 080.\" \/>\n<meta property=\"og:url\" content=\"https:\/\/www.longfield-avocats.fr\/en\/liens\/\" \/>\n<meta property=\"og:site_name\" content=\"LONGFIELD SOCI\u00c9T\u00c9 D\u2019AVOCATS\" \/>\n<meta property=\"article:modified_time\" content=\"2021-02-23T21:36:58+00:00\" \/>\n<meta name=\"twitter:card\" content=\"summary_large_image\" \/>\n<meta name=\"twitter:label1\" content=\"Estimated reading time\" \/>\n\t<meta name=\"twitter:data1\" content=\"1 minute\" \/>\n<script type=\"application\/ld+json\" class=\"yoast-schema-graph\">{\"@context\":\"https:\\\/\\\/schema.org\",\"@graph\":[{\"@type\":\"WebPage\",\"@id\":\"https:\\\/\\\/www.longfield-avocats.fr\\\/fr_fr\\\/liens\\\/\",\"url\":\"https:\\\/\\\/www.longfield-avocats.fr\\\/fr_fr\\\/liens\\\/\",\"name\":\"Longfield soci\u00e9t\u00e9 d'avocats, VALENCE-D'AGEN. Barreau de Montauban.\",\"isPartOf\":{\"@id\":\"https:\\\/\\\/www.longfield-avocats.fr\\\/fr_fr\\\/#website\"},\"datePublished\":\"2019-09-25T22:38:21+00:00\",\"dateModified\":\"2021-02-23T21:36:58+00:00\",\"description\":\"Longfield soci\u00e9t\u00e9 d'avocats, 21 rue de la R\u00e9publique, 82400 VALENCE-D'AGEN, France. Barreau de Montauban. RCS Montauban n\u00b0880 438 080.\",\"breadcrumb\":{\"@id\":\"https:\\\/\\\/www.longfield-avocats.fr\\\/fr_fr\\\/liens\\\/#breadcrumb\"},\"inLanguage\":\"en-GB\",\"potentialAction\":[{\"@type\":\"ReadAction\",\"target\":[\"https:\\\/\\\/www.longfield-avocats.fr\\\/fr_fr\\\/liens\\\/\"]}]},{\"@type\":\"BreadcrumbList\",\"@id\":\"https:\\\/\\\/www.longfield-avocats.fr\\\/fr_fr\\\/liens\\\/#breadcrumb\",\"itemListElement\":[{\"@type\":\"ListItem\",\"position\":1,\"name\":\"Accueil\",\"item\":\"https:\\\/\\\/www.longfield-avocats.fr\\\/fr_fr\\\/\"},{\"@type\":\"ListItem\",\"position\":2,\"name\":\"Liens\"}]},{\"@type\":\"WebSite\",\"@id\":\"https:\\\/\\\/www.longfield-avocats.fr\\\/fr_fr\\\/#website\",\"url\":\"https:\\\/\\\/www.longfield-avocats.fr\\\/fr_fr\\\/\",\"name\":\"LONGFIELD SOCI\u00c9T\u00c9 D\u2019AVOCATS\",\"description\":\"au service de soci\u00e9t\u00e9s et de particuliers que nous conseillons en fran\u00e7ais ou en anglais.\",\"publisher\":{\"@id\":\"https:\\\/\\\/www.longfield-avocats.fr\\\/fr_fr\\\/#organization\"},\"potentialAction\":[{\"@type\":\"SearchAction\",\"target\":{\"@type\":\"EntryPoint\",\"urlTemplate\":\"https:\\\/\\\/www.longfield-avocats.fr\\\/fr_fr\\\/?s={search_term_string}\"},\"query-input\":{\"@type\":\"PropertyValueSpecification\",\"valueRequired\":true,\"valueName\":\"search_term_string\"}}],\"inLanguage\":\"en-GB\"},{\"@type\":\"Organization\",\"@id\":\"https:\\\/\\\/www.longfield-avocats.fr\\\/fr_fr\\\/#organization\",\"name\":\"LONGFIELD SOCI\u00c9T\u00c9 D\u2019AVOCATS\",\"url\":\"https:\\\/\\\/www.longfield-avocats.fr\\\/fr_fr\\\/\",\"logo\":{\"@type\":\"ImageObject\",\"inLanguage\":\"en-GB\",\"@id\":\"https:\\\/\\\/www.longfield-avocats.fr\\\/fr_fr\\\/#\\\/schema\\\/logo\\\/image\\\/\",\"url\":\"https:\\\/\\\/www.longfield-avocats.fr\\\/wp-content\\\/uploads\\\/2019\\\/09\\\/longfield_avocats_logo_250x250.png\",\"contentUrl\":\"https:\\\/\\\/www.longfield-avocats.fr\\\/wp-content\\\/uploads\\\/2019\\\/09\\\/longfield_avocats_logo_250x250.png\",\"width\":250,\"height\":250,\"caption\":\"LONGFIELD SOCI\u00c9T\u00c9 D\u2019AVOCATS\"},\"image\":{\"@id\":\"https:\\\/\\\/www.longfield-avocats.fr\\\/fr_fr\\\/#\\\/schema\\\/logo\\\/image\\\/\"}}]}<\/script>\n<!-- \/ Yoast SEO plugin. -->","yoast_head_json":{"title":"Longfield soci\u00e9t\u00e9 d'avocats, VALENCE-D'AGEN. Barreau de Montauban.","description":"Longfield soci\u00e9t\u00e9 d'avocats, 21 rue de la R\u00e9publique, 82400 VALENCE-D'AGEN, France. Barreau de Montauban. RCS Montauban n\u00b0880 438 080.","robots":{"index":"index","follow":"follow","max-snippet":"max-snippet:-1","max-image-preview":"max-image-preview:large","max-video-preview":"max-video-preview:-1"},"canonical":"https:\/\/www.longfield-avocats.fr\/en\/liens\/","og_locale":"en_GB","og_type":"article","og_title":"Longfield soci\u00e9t\u00e9 d'avocats, VALENCE-D'AGEN. Barreau de Montauban.","og_description":"Longfield soci\u00e9t\u00e9 d'avocats, 21 rue de la R\u00e9publique, 82400 VALENCE-D'AGEN, France. Barreau de Montauban. RCS Montauban n\u00b0880 438 080.","og_url":"https:\/\/www.longfield-avocats.fr\/en\/liens\/","og_site_name":"LONGFIELD SOCI\u00c9T\u00c9 D\u2019AVOCATS","article_modified_time":"2021-02-23T21:36:58+00:00","twitter_card":"summary_large_image","twitter_misc":{"Estimated reading time":"1 minute"},"schema":{"@context":"https:\/\/schema.org","@graph":[{"@type":"WebPage","@id":"https:\/\/www.longfield-avocats.fr\/fr_fr\/liens\/","url":"https:\/\/www.longfield-avocats.fr\/fr_fr\/liens\/","name":"Longfield soci\u00e9t\u00e9 d'avocats, VALENCE-D'AGEN. Barreau de Montauban.","isPartOf":{"@id":"https:\/\/www.longfield-avocats.fr\/fr_fr\/#website"},"datePublished":"2019-09-25T22:38:21+00:00","dateModified":"2021-02-23T21:36:58+00:00","description":"Longfield soci\u00e9t\u00e9 d'avocats, 21 rue de la R\u00e9publique, 82400 VALENCE-D'AGEN, France. Barreau de Montauban. RCS Montauban n\u00b0880 438 080.","breadcrumb":{"@id":"https:\/\/www.longfield-avocats.fr\/fr_fr\/liens\/#breadcrumb"},"inLanguage":"en-GB","potentialAction":[{"@type":"ReadAction","target":["https:\/\/www.longfield-avocats.fr\/fr_fr\/liens\/"]}]},{"@type":"BreadcrumbList","@id":"https:\/\/www.longfield-avocats.fr\/fr_fr\/liens\/#breadcrumb","itemListElement":[{"@type":"ListItem","position":1,"name":"Accueil","item":"https:\/\/www.longfield-avocats.fr\/fr_fr\/"},{"@type":"ListItem","position":2,"name":"Liens"}]},{"@type":"WebSite","@id":"https:\/\/www.longfield-avocats.fr\/fr_fr\/#website","url":"https:\/\/www.longfield-avocats.fr\/fr_fr\/","name":"LONGFIELD SOCI\u00c9T\u00c9 D\u2019AVOCATS","description":"we serve the needs of companies and individuals, advising them in French or English.","publisher":{"@id":"https:\/\/www.longfield-avocats.fr\/fr_fr\/#organization"},"potentialAction":[{"@type":"SearchAction","target":{"@type":"EntryPoint","urlTemplate":"https:\/\/www.longfield-avocats.fr\/fr_fr\/?s={search_term_string}"},"query-input":{"@type":"PropertyValueSpecification","valueRequired":true,"valueName":"search_term_string"}}],"inLanguage":"en-GB"},{"@type":"Organization","@id":"https:\/\/www.longfield-avocats.fr\/fr_fr\/#organization","name":"LONGFIELD SOCI\u00c9T\u00c9 D\u2019AVOCATS","url":"https:\/\/www.longfield-avocats.fr\/fr_fr\/","logo":{"@type":"ImageObject","inLanguage":"en-GB","@id":"https:\/\/www.longfield-avocats.fr\/fr_fr\/#\/schema\/logo\/image\/","url":"https:\/\/www.longfield-avocats.fr\/wp-content\/uploads\/2019\/09\/longfield_avocats_logo_250x250.png","contentUrl":"https:\/\/www.longfield-avocats.fr\/wp-content\/uploads\/2019\/09\/longfield_avocats_logo_250x250.png","width":250,"height":250,"caption":"LONGFIELD SOCI\u00c9T\u00c9 D\u2019AVOCATS"},"image":{"@id":"https:\/\/www.longfield-avocats.fr\/fr_fr\/#\/schema\/logo\/image\/"}}]}},"_links":{"self":[{"href":"https:\/\/www.longfield-avocats.fr\/en\/wp-json\/wp\/v2\/pages\/386","targetHints":{"allow":["GET"]}}],"collection":[{"href":"https:\/\/www.longfield-avocats.fr\/en\/wp-json\/wp\/v2\/pages"}],"about":[{"href":"https:\/\/www.longfield-avocats.fr\/en\/wp-json\/wp\/v2\/types\/page"}],"author":[{"embeddable":true,"href":"https:\/\/www.longfield-avocats.fr\/en\/wp-json\/wp\/v2\/users\/1"}],"replies":[{"embeddable":true,"href":"https:\/\/www.longfield-avocats.fr\/en\/wp-json\/wp\/v2\/comments?post=386"}],"version-history":[{"count":10,"href":"https:\/\/www.longfield-avocats.fr\/en\/wp-json\/wp\/v2\/pages\/386\/revisions"}],"predecessor-version":[{"id":589,"href":"https:\/\/www.longfield-avocats.fr\/en\/wp-json\/wp\/v2\/pages\/386\/revisions\/589"}],"wp:attachment":[{"href":"https:\/\/www.longfield-avocats.fr\/en\/wp-json\/wp\/v2\/media?parent=386"}],"curies":[{"name":"wp","href":"https:\/\/api.w.org\/{rel}","templated":true}]}}