{"id":446,"date":"2019-09-27T00:00:06","date_gmt":"2019-09-26T22:00:06","guid":{"rendered":"https:\/\/www.longfield-avocats.fr\/?page_id=446"},"modified":"2023-01-16T09:49:00","modified_gmt":"2023-01-16T08:49:00","slug":"actualites","status":"publish","type":"page","link":"https:\/\/www.longfield-avocats.fr\/en\/actualites\/","title":{"rendered":"News"},"content":{"rendered":"<p>Retrouvez les actualit\u00e9s du fil \u201cJustice\u201d provenant du site <a href=\"https:\/\/www.justice.gouv.fr\/\">www.justice.gouv.fr<\/a> :<\/p>\n\n\n\n<div class=\"wp-block-group\"><div class=\"wp-block-group__inner-container is-layout-constrained wp-block-group-is-layout-constrained\">\n<div class=\"wp-block-columns is-layout-flex wp-container-core-columns-is-layout-9d6595d7 wp-block-columns-is-layout-flex\">\n<div class=\"wp-block-column is-layout-flow wp-block-column-is-layout-flow\" style=\"flex-basis:100%\"><ul class=\"wp-block-rss\"><li class='wp-block-rss__item'><div class='wp-block-rss__item-title'><a href='https:\/\/www.justice.gouv.fr\/actualites\/actualite\/conseil-national-mediation-remet-son-rapport-annonce-laureats-du-prix-cnm-2026'>Le Conseil national de la m\u00e9diation remet son rapport et annonce les laur\u00e9ats du prix CNM 2026<\/a><\/div><\/li><li class='wp-block-rss__item'><div class='wp-block-rss__item-title'><a href='https:\/\/www.justice.gouv.fr\/actualites\/actualite\/1946-magistrature-souvre-aux-femmes-80-ans-dhistoire-progres'>En 1946, la magistrature s\u2019ouvre aux femmes : 80 ans d\u2019histoire et de progr\u00e8s<\/a><\/div><\/li><li class='wp-block-rss__item'><div class='wp-block-rss__item-title'><a href='https:\/\/www.justice.gouv.fr\/actualites\/actualite\/projet-loi-justice-criminelle-respect-victimes-principales-dispositions'>Projet de loi sur la justice criminelle et le respect des victimes : les principales dispositions<\/a><\/div><\/li><li class='wp-block-rss__item'><div class='wp-block-rss__item-title'><a href='https:\/\/www.justice.gouv.fr\/actualites\/actualite\/justice-mineurs-repondez-aux-appels-projets-recherche-2026'>Justice des mineurs : r\u00e9pondez aux appels \u00e0 projets de recherche 2026<\/a><\/div><\/li><li class='wp-block-rss__item'><div class='wp-block-rss__item-title'><a href='https:\/\/www.justice.gouv.fr\/actualites\/actualite\/aide-aux-victimes-repondez-aux-appels-projets-2026'>Aide aux victimes : r\u00e9pondez aux appels \u00e0 projets 2026<\/a><\/div><\/li><\/ul><\/div>\n<\/div>\n<\/div><\/div>\n\n\n\n<p>Consult <a href=\"https:\/\/www.longfield-avocats.fr\/en\/liens\/\">here<\/a> useful links for your legal researches :<\/p>","protected":false},"excerpt":{"rendered":"<p>Retrouvez les actualit\u00e9s du fil \u201cJustice\u201d provenant du site www.justice.gouv.fr : Vous trouverez sur cette page les liens utiles pour vos recherches juridiques.<\/p>","protected":false},"author":1,"featured_media":0,"parent":0,"menu_order":0,"comment_status":"closed","ping_status":"closed","template":"","meta":{"footnotes":""},"class_list":["post-446","page","type-page","status-publish","hentry"],"yoast_head":"<!-- This site is optimized with the Yoast SEO plugin v27.5 - https:\/\/yoast.com\/product\/yoast-seo-wordpress\/ -->\n<title>Longfield soci\u00e9t\u00e9 d&#039;avocats, VALENCE-D&#039;AGEN. Barreau de Montauban<\/title>\n<meta name=\"description\" content=\"Longfield soci\u00e9t\u00e9 d&#039;avocats, 21 rue de la R\u00e9publique, 82400 VALENCE-D&#039;AGEN, France. Barreau de Montauban. RCS Montauban n\u00b0880 438 080.\" \/>\n<meta name=\"robots\" content=\"index, follow, max-snippet:-1, max-image-preview:large, max-video-preview:-1\" \/>\n<link rel=\"canonical\" href=\"https:\/\/www.longfield-avocats.fr\/en\/actualites\/\" \/>\n<meta property=\"og:locale\" content=\"en_GB\" \/>\n<meta property=\"og:type\" content=\"article\" \/>\n<meta property=\"og:title\" content=\"Longfield soci\u00e9t\u00e9 d&#039;avocats, VALENCE-D&#039;AGEN. Barreau de Montauban\" \/>\n<meta property=\"og:description\" content=\"Longfield soci\u00e9t\u00e9 d&#039;avocats, 21 rue de la R\u00e9publique, 82400 VALENCE-D&#039;AGEN, France. Barreau de Montauban. RCS Montauban n\u00b0880 438 080.\" \/>\n<meta property=\"og:url\" content=\"https:\/\/www.longfield-avocats.fr\/en\/actualites\/\" \/>\n<meta property=\"og:site_name\" content=\"LONGFIELD SOCI\u00c9T\u00c9 D\u2019AVOCATS\" \/>\n<meta property=\"article:modified_time\" content=\"2023-01-16T08:49:00+00:00\" \/>\n<meta name=\"twitter:card\" content=\"summary_large_image\" \/>\n<meta name=\"twitter:label1\" content=\"Estimated reading time\" \/>\n\t<meta name=\"twitter:data1\" content=\"1 minute\" \/>\n<script type=\"application\/ld+json\" class=\"yoast-schema-graph\">{\"@context\":\"https:\\\/\\\/schema.org\",\"@graph\":[{\"@type\":\"WebPage\",\"@id\":\"https:\\\/\\\/www.longfield-avocats.fr\\\/actualites\\\/\",\"url\":\"https:\\\/\\\/www.longfield-avocats.fr\\\/actualites\\\/\",\"name\":\"Longfield soci\u00e9t\u00e9 d'avocats, VALENCE-D'AGEN. Barreau de Montauban\",\"isPartOf\":{\"@id\":\"https:\\\/\\\/www.longfield-avocats.fr\\\/fr_fr\\\/#website\"},\"datePublished\":\"2019-09-26T22:00:06+00:00\",\"dateModified\":\"2023-01-16T08:49:00+00:00\",\"description\":\"Longfield soci\u00e9t\u00e9 d'avocats, 21 rue de la R\u00e9publique, 82400 VALENCE-D'AGEN, France. Barreau de Montauban. RCS Montauban n\u00b0880 438 080.\",\"breadcrumb\":{\"@id\":\"https:\\\/\\\/www.longfield-avocats.fr\\\/actualites\\\/#breadcrumb\"},\"inLanguage\":\"en-GB\",\"potentialAction\":[{\"@type\":\"ReadAction\",\"target\":[\"https:\\\/\\\/www.longfield-avocats.fr\\\/actualites\\\/\"]}]},{\"@type\":\"BreadcrumbList\",\"@id\":\"https:\\\/\\\/www.longfield-avocats.fr\\\/actualites\\\/#breadcrumb\",\"itemListElement\":[{\"@type\":\"ListItem\",\"position\":1,\"name\":\"Accueil\",\"item\":\"https:\\\/\\\/www.longfield-avocats.fr\\\/fr_fr\\\/\"},{\"@type\":\"ListItem\",\"position\":2,\"name\":\"Actualit\u00e9s\"}]},{\"@type\":\"WebSite\",\"@id\":\"https:\\\/\\\/www.longfield-avocats.fr\\\/fr_fr\\\/#website\",\"url\":\"https:\\\/\\\/www.longfield-avocats.fr\\\/fr_fr\\\/\",\"name\":\"LONGFIELD SOCI\u00c9T\u00c9 D\u2019AVOCATS\",\"description\":\"au service de soci\u00e9t\u00e9s et de particuliers que nous conseillons en fran\u00e7ais ou en anglais.\",\"publisher\":{\"@id\":\"https:\\\/\\\/www.longfield-avocats.fr\\\/fr_fr\\\/#organization\"},\"potentialAction\":[{\"@type\":\"SearchAction\",\"target\":{\"@type\":\"EntryPoint\",\"urlTemplate\":\"https:\\\/\\\/www.longfield-avocats.fr\\\/fr_fr\\\/?s={search_term_string}\"},\"query-input\":{\"@type\":\"PropertyValueSpecification\",\"valueRequired\":true,\"valueName\":\"search_term_string\"}}],\"inLanguage\":\"en-GB\"},{\"@type\":\"Organization\",\"@id\":\"https:\\\/\\\/www.longfield-avocats.fr\\\/fr_fr\\\/#organization\",\"name\":\"LONGFIELD SOCI\u00c9T\u00c9 D\u2019AVOCATS\",\"url\":\"https:\\\/\\\/www.longfield-avocats.fr\\\/fr_fr\\\/\",\"logo\":{\"@type\":\"ImageObject\",\"inLanguage\":\"en-GB\",\"@id\":\"https:\\\/\\\/www.longfield-avocats.fr\\\/fr_fr\\\/#\\\/schema\\\/logo\\\/image\\\/\",\"url\":\"https:\\\/\\\/www.longfield-avocats.fr\\\/wp-content\\\/uploads\\\/2019\\\/09\\\/longfield_avocats_logo_250x250.png\",\"contentUrl\":\"https:\\\/\\\/www.longfield-avocats.fr\\\/wp-content\\\/uploads\\\/2019\\\/09\\\/longfield_avocats_logo_250x250.png\",\"width\":250,\"height\":250,\"caption\":\"LONGFIELD SOCI\u00c9T\u00c9 D\u2019AVOCATS\"},\"image\":{\"@id\":\"https:\\\/\\\/www.longfield-avocats.fr\\\/fr_fr\\\/#\\\/schema\\\/logo\\\/image\\\/\"}}]}<\/script>\n<!-- \/ Yoast SEO plugin. -->","yoast_head_json":{"title":"Longfield soci\u00e9t\u00e9 d'avocats, VALENCE-D'AGEN. Barreau de Montauban","description":"Longfield soci\u00e9t\u00e9 d'avocats, 21 rue de la R\u00e9publique, 82400 VALENCE-D'AGEN, France. Barreau de Montauban. RCS Montauban n\u00b0880 438 080.","robots":{"index":"index","follow":"follow","max-snippet":"max-snippet:-1","max-image-preview":"max-image-preview:large","max-video-preview":"max-video-preview:-1"},"canonical":"https:\/\/www.longfield-avocats.fr\/en\/actualites\/","og_locale":"en_GB","og_type":"article","og_title":"Longfield soci\u00e9t\u00e9 d'avocats, VALENCE-D'AGEN. Barreau de Montauban","og_description":"Longfield soci\u00e9t\u00e9 d'avocats, 21 rue de la R\u00e9publique, 82400 VALENCE-D'AGEN, France. Barreau de Montauban. RCS Montauban n\u00b0880 438 080.","og_url":"https:\/\/www.longfield-avocats.fr\/en\/actualites\/","og_site_name":"LONGFIELD SOCI\u00c9T\u00c9 D\u2019AVOCATS","article_modified_time":"2023-01-16T08:49:00+00:00","twitter_card":"summary_large_image","twitter_misc":{"Estimated reading time":"1 minute"},"schema":{"@context":"https:\/\/schema.org","@graph":[{"@type":"WebPage","@id":"https:\/\/www.longfield-avocats.fr\/actualites\/","url":"https:\/\/www.longfield-avocats.fr\/actualites\/","name":"Longfield soci\u00e9t\u00e9 d'avocats, VALENCE-D'AGEN. Barreau de Montauban","isPartOf":{"@id":"https:\/\/www.longfield-avocats.fr\/fr_fr\/#website"},"datePublished":"2019-09-26T22:00:06+00:00","dateModified":"2023-01-16T08:49:00+00:00","description":"Longfield soci\u00e9t\u00e9 d'avocats, 21 rue de la R\u00e9publique, 82400 VALENCE-D'AGEN, France. Barreau de Montauban. RCS Montauban n\u00b0880 438 080.","breadcrumb":{"@id":"https:\/\/www.longfield-avocats.fr\/actualites\/#breadcrumb"},"inLanguage":"en-GB","potentialAction":[{"@type":"ReadAction","target":["https:\/\/www.longfield-avocats.fr\/actualites\/"]}]},{"@type":"BreadcrumbList","@id":"https:\/\/www.longfield-avocats.fr\/actualites\/#breadcrumb","itemListElement":[{"@type":"ListItem","position":1,"name":"Accueil","item":"https:\/\/www.longfield-avocats.fr\/fr_fr\/"},{"@type":"ListItem","position":2,"name":"Actualit\u00e9s"}]},{"@type":"WebSite","@id":"https:\/\/www.longfield-avocats.fr\/fr_fr\/#website","url":"https:\/\/www.longfield-avocats.fr\/fr_fr\/","name":"LONGFIELD SOCI\u00c9T\u00c9 D\u2019AVOCATS","description":"we serve the needs of companies and individuals, advising them in French or English.","publisher":{"@id":"https:\/\/www.longfield-avocats.fr\/fr_fr\/#organization"},"potentialAction":[{"@type":"SearchAction","target":{"@type":"EntryPoint","urlTemplate":"https:\/\/www.longfield-avocats.fr\/fr_fr\/?s={search_term_string}"},"query-input":{"@type":"PropertyValueSpecification","valueRequired":true,"valueName":"search_term_string"}}],"inLanguage":"en-GB"},{"@type":"Organization","@id":"https:\/\/www.longfield-avocats.fr\/fr_fr\/#organization","name":"LONGFIELD SOCI\u00c9T\u00c9 D\u2019AVOCATS","url":"https:\/\/www.longfield-avocats.fr\/fr_fr\/","logo":{"@type":"ImageObject","inLanguage":"en-GB","@id":"https:\/\/www.longfield-avocats.fr\/fr_fr\/#\/schema\/logo\/image\/","url":"https:\/\/www.longfield-avocats.fr\/wp-content\/uploads\/2019\/09\/longfield_avocats_logo_250x250.png","contentUrl":"https:\/\/www.longfield-avocats.fr\/wp-content\/uploads\/2019\/09\/longfield_avocats_logo_250x250.png","width":250,"height":250,"caption":"LONGFIELD SOCI\u00c9T\u00c9 D\u2019AVOCATS"},"image":{"@id":"https:\/\/www.longfield-avocats.fr\/fr_fr\/#\/schema\/logo\/image\/"}}]}},"_links":{"self":[{"href":"https:\/\/www.longfield-avocats.fr\/en\/wp-json\/wp\/v2\/pages\/446","targetHints":{"allow":["GET"]}}],"collection":[{"href":"https:\/\/www.longfield-avocats.fr\/en\/wp-json\/wp\/v2\/pages"}],"about":[{"href":"https:\/\/www.longfield-avocats.fr\/en\/wp-json\/wp\/v2\/types\/page"}],"author":[{"embeddable":true,"href":"https:\/\/www.longfield-avocats.fr\/en\/wp-json\/wp\/v2\/users\/1"}],"replies":[{"embeddable":true,"href":"https:\/\/www.longfield-avocats.fr\/en\/wp-json\/wp\/v2\/comments?post=446"}],"version-history":[{"count":4,"href":"https:\/\/www.longfield-avocats.fr\/en\/wp-json\/wp\/v2\/pages\/446\/revisions"}],"predecessor-version":[{"id":721,"href":"https:\/\/www.longfield-avocats.fr\/en\/wp-json\/wp\/v2\/pages\/446\/revisions\/721"}],"wp:attachment":[{"href":"https:\/\/www.longfield-avocats.fr\/en\/wp-json\/wp\/v2\/media?parent=446"}],"curies":[{"name":"wp","href":"https:\/\/api.w.org\/{rel}","templated":true}]}}