{"id":52,"date":"2019-07-10T16:22:13","date_gmt":"2019-07-10T14:22:13","guid":{"rendered":"http:\/\/www.longfield-avocats.fr\/?page_id=52"},"modified":"2021-02-23T22:49:00","modified_gmt":"2021-02-23T21:49:00","slug":"nous-contacter","status":"publish","type":"page","link":"https:\/\/www.longfield-avocats.fr\/en\/nous-contacter\/","title":{"rendered":"Contact us"},"content":{"rendered":"\n<p>Nous vous accueillons du lundi au vendredi, sur rendez-vous. <a href=\"https:\/\/www.longfield-avocats.fr\/nous-trouver\/\">Aussi, voici comment nous trouver<\/a>.<\/p>\n\n\n\n<p>T\u00e9l.  +33 (0)5 63 04 72 86<\/p>\n\n\n\n<p>Vous pouvez \u00e9galement demander une consultation en ligne, par Whatsapp ou Skype notamment. Pour ce faire, veuillez utiliser le formulaire ci-apr\u00e8s :<\/p>\n\n\n\n<p>\n<div class=\"wpcf7 no-js\" id=\"wpcf7-f568-o1\" lang=\"fr-FR\" dir=\"ltr\" data-wpcf7-id=\"568\">\n<div class=\"screen-reader-response\"><p role=\"status\" aria-live=\"polite\" aria-atomic=\"true\"><\/p> <ul><\/ul><\/div>\n<form action=\"\/en\/wp-json\/wp\/v2\/pages\/52#wpcf7-f568-o1\" method=\"post\" class=\"wpcf7-form init\" aria-label=\"Formulaire de contact\" novalidate=\"novalidate\" data-status=\"init\">\n<fieldset class=\"hidden-fields-container\"><input type=\"hidden\" name=\"_wpcf7\" value=\"568\" \/><input type=\"hidden\" name=\"_wpcf7_version\" value=\"6.1.5\" \/><input type=\"hidden\" name=\"_wpcf7_locale\" value=\"fr_FR\" \/><input type=\"hidden\" name=\"_wpcf7_unit_tag\" value=\"wpcf7-f568-o1\" \/><input type=\"hidden\" name=\"_wpcf7_container_post\" value=\"0\" \/><input type=\"hidden\" name=\"_wpcf7_posted_data_hash\" value=\"\" \/>\n<\/fieldset>\n<p><label> Votre nom (obligatoire)<br \/>\n<span class=\"wpcf7-form-control-wrap\" data-name=\"your-name\"><input size=\"40\" maxlength=\"400\" class=\"wpcf7-form-control wpcf7-text wpcf7-validates-as-required\" aria-required=\"true\" aria-invalid=\"false\" value=\"\" type=\"text\" name=\"your-name\" \/><\/span> <\/label>\n<\/p>\n<p><label> Votre adresse de messagerie (obligatoire)<br \/>\n<span class=\"wpcf7-form-control-wrap\" data-name=\"your-email\"><input size=\"40\" maxlength=\"400\" class=\"wpcf7-form-control wpcf7-email wpcf7-validates-as-required wpcf7-text wpcf7-validates-as-email\" aria-required=\"true\" aria-invalid=\"false\" value=\"\" type=\"email\" name=\"your-email\" \/><\/span> <\/label>\n<\/p>\n<p><label> Objet<br \/>\n<span class=\"wpcf7-form-control-wrap\" data-name=\"your-subject\"><input size=\"40\" maxlength=\"400\" class=\"wpcf7-form-control wpcf7-text\" aria-invalid=\"false\" value=\"\" type=\"text\" name=\"your-subject\" \/><\/span> <\/label>\n<\/p>\n<p><label> Votre message<br \/>\n<span class=\"wpcf7-form-control-wrap\" data-name=\"your-message\"><textarea cols=\"40\" rows=\"10\" maxlength=\"2000\" class=\"wpcf7-form-control wpcf7-textarea\" aria-invalid=\"false\" name=\"your-message\"><\/textarea><\/span> <\/label>\n<\/p>\n<p><input class=\"wpcf7-form-control wpcf7-submit has-spinner\" type=\"submit\" value=\"Envoyer\" \/>\n<\/p><div class=\"wpcf7-response-output\" aria-hidden=\"true\"><\/div>\n<\/form>\n<\/div>\n\r\n\t\t\t\t<script>\r\n\t\t\t\tif ( typeof huOptions !== 'undefined' ) {\r\n\t\t\t\t\tvar huFormData = {\"source\":\"contactform7\",\"id\":568,\"title\":\"Formulaire de contact 1\",\"fields\":{\"subject\":{\"first_name\":\"your-name\",\"email\":\"your-email\"},\"preferences\":{\"terms\":\"your-consent\"}}};\r\n\t\t\t\t\tvar huFormNode = document.querySelector( '[id^=\"wpcf7-f568-\"] form' );\r\n\r\n\t\t\t\t\thuFormData['node'] = huFormNode;\r\n\t\t\t\t\thuOptions['forms'].push( huFormData );\r\n\t\t\t\t}\r\n\t\t\t\t<\/script><br><\/p>\n\n\n\n<p><a href=\"https:\/\/www.longfield-avocats.fr\/informations-legales\/\">Informations l\u00e9gales<\/a><\/p>\n","protected":false},"excerpt":{"rendered":"<p>Nous vous accueillons du lundi au vendredi, sur rendez-vous. Aussi, voici comment nous trouver. T\u00e9l. +33 (0)5 63 04 72 86 Vous pouvez \u00e9galement demander une consultation en ligne, par Whatsapp ou Skype notamment. Pour ce faire, veuillez utiliser le formulaire ci-apr\u00e8s : Informations l\u00e9gales<\/p>","protected":false},"author":1,"featured_media":0,"parent":0,"menu_order":3,"comment_status":"closed","ping_status":"closed","template":"","meta":{"footnotes":""},"class_list":["post-52","page","type-page","status-publish","hentry"],"yoast_head":"<!-- This site is optimized with the Yoast SEO plugin v27.5 - https:\/\/yoast.com\/product\/yoast-seo-wordpress\/ -->\n<title>Longfield soci\u00e9t\u00e9 d&#039;avocats, VALENCE-D&#039;AGEN, Barreau de MONTAUBAN<\/title>\n<meta name=\"description\" content=\"Longfield soci\u00e9t\u00e9 d&#039;avocats, 21 rue de la R\u00e9publique, 82400 VALENCE-D&#039;AGEN, France. Barreau de Montauban. RCS Montauban n\u00b0880 438 080.\" \/>\n<meta name=\"robots\" content=\"index, follow, max-snippet:-1, max-image-preview:large, max-video-preview:-1\" \/>\n<link rel=\"canonical\" href=\"https:\/\/www.longfield-avocats.fr\/en\/nous-contacter\/\" \/>\n<meta property=\"og:locale\" content=\"en_GB\" \/>\n<meta property=\"og:type\" content=\"article\" \/>\n<meta property=\"og:title\" content=\"Longfield soci\u00e9t\u00e9 d&#039;avocats, VALENCE-D&#039;AGEN, Barreau de MONTAUBAN\" \/>\n<meta property=\"og:description\" content=\"Longfield soci\u00e9t\u00e9 d&#039;avocats, 21 rue de la R\u00e9publique, 82400 VALENCE-D&#039;AGEN, France. Barreau de Montauban. RCS Montauban n\u00b0880 438 080.\" \/>\n<meta property=\"og:url\" content=\"https:\/\/www.longfield-avocats.fr\/en\/nous-contacter\/\" \/>\n<meta property=\"og:site_name\" content=\"LONGFIELD SOCI\u00c9T\u00c9 D\u2019AVOCATS\" \/>\n<meta property=\"article:modified_time\" content=\"2021-02-23T21:49:00+00:00\" \/>\n<meta name=\"twitter:card\" content=\"summary_large_image\" \/>\n<meta name=\"twitter:label1\" content=\"Estimated reading time\" \/>\n\t<meta name=\"twitter:data1\" content=\"1 minute\" \/>\n<script type=\"application\/ld+json\" class=\"yoast-schema-graph\">{\"@context\":\"https:\\\/\\\/schema.org\",\"@graph\":[{\"@type\":\"WebPage\",\"@id\":\"https:\\\/\\\/www.longfield-avocats.fr\\\/fr_fr\\\/nous-contacter\\\/\",\"url\":\"https:\\\/\\\/www.longfield-avocats.fr\\\/fr_fr\\\/nous-contacter\\\/\",\"name\":\"Longfield soci\u00e9t\u00e9 d'avocats, VALENCE-D'AGEN, Barreau de MONTAUBAN\",\"isPartOf\":{\"@id\":\"https:\\\/\\\/www.longfield-avocats.fr\\\/fr_fr\\\/#website\"},\"datePublished\":\"2019-07-10T14:22:13+00:00\",\"dateModified\":\"2021-02-23T21:49:00+00:00\",\"description\":\"Longfield soci\u00e9t\u00e9 d'avocats, 21 rue de la R\u00e9publique, 82400 VALENCE-D'AGEN, France. Barreau de Montauban. RCS Montauban n\u00b0880 438 080.\",\"breadcrumb\":{\"@id\":\"https:\\\/\\\/www.longfield-avocats.fr\\\/fr_fr\\\/nous-contacter\\\/#breadcrumb\"},\"inLanguage\":\"en-GB\",\"potentialAction\":[{\"@type\":\"ReadAction\",\"target\":[\"https:\\\/\\\/www.longfield-avocats.fr\\\/fr_fr\\\/nous-contacter\\\/\"]}]},{\"@type\":\"BreadcrumbList\",\"@id\":\"https:\\\/\\\/www.longfield-avocats.fr\\\/fr_fr\\\/nous-contacter\\\/#breadcrumb\",\"itemListElement\":[{\"@type\":\"ListItem\",\"position\":1,\"name\":\"Accueil\",\"item\":\"https:\\\/\\\/www.longfield-avocats.fr\\\/fr_fr\\\/\"},{\"@type\":\"ListItem\",\"position\":2,\"name\":\"Nous contacter\"}]},{\"@type\":\"WebSite\",\"@id\":\"https:\\\/\\\/www.longfield-avocats.fr\\\/fr_fr\\\/#website\",\"url\":\"https:\\\/\\\/www.longfield-avocats.fr\\\/fr_fr\\\/\",\"name\":\"LONGFIELD SOCI\u00c9T\u00c9 D\u2019AVOCATS\",\"description\":\"au service de soci\u00e9t\u00e9s et de particuliers que nous conseillons en fran\u00e7ais ou en anglais.\",\"publisher\":{\"@id\":\"https:\\\/\\\/www.longfield-avocats.fr\\\/fr_fr\\\/#organization\"},\"potentialAction\":[{\"@type\":\"SearchAction\",\"target\":{\"@type\":\"EntryPoint\",\"urlTemplate\":\"https:\\\/\\\/www.longfield-avocats.fr\\\/fr_fr\\\/?s={search_term_string}\"},\"query-input\":{\"@type\":\"PropertyValueSpecification\",\"valueRequired\":true,\"valueName\":\"search_term_string\"}}],\"inLanguage\":\"en-GB\"},{\"@type\":\"Organization\",\"@id\":\"https:\\\/\\\/www.longfield-avocats.fr\\\/fr_fr\\\/#organization\",\"name\":\"LONGFIELD SOCI\u00c9T\u00c9 D\u2019AVOCATS\",\"url\":\"https:\\\/\\\/www.longfield-avocats.fr\\\/fr_fr\\\/\",\"logo\":{\"@type\":\"ImageObject\",\"inLanguage\":\"en-GB\",\"@id\":\"https:\\\/\\\/www.longfield-avocats.fr\\\/fr_fr\\\/#\\\/schema\\\/logo\\\/image\\\/\",\"url\":\"https:\\\/\\\/www.longfield-avocats.fr\\\/wp-content\\\/uploads\\\/2019\\\/09\\\/longfield_avocats_logo_250x250.png\",\"contentUrl\":\"https:\\\/\\\/www.longfield-avocats.fr\\\/wp-content\\\/uploads\\\/2019\\\/09\\\/longfield_avocats_logo_250x250.png\",\"width\":250,\"height\":250,\"caption\":\"LONGFIELD SOCI\u00c9T\u00c9 D\u2019AVOCATS\"},\"image\":{\"@id\":\"https:\\\/\\\/www.longfield-avocats.fr\\\/fr_fr\\\/#\\\/schema\\\/logo\\\/image\\\/\"}}]}<\/script>\n<!-- \/ Yoast SEO plugin. -->","yoast_head_json":{"title":"Longfield soci\u00e9t\u00e9 d'avocats, VALENCE-D'AGEN, Barreau de MONTAUBAN","description":"Longfield soci\u00e9t\u00e9 d'avocats, 21 rue de la R\u00e9publique, 82400 VALENCE-D'AGEN, France. Barreau de Montauban. RCS Montauban n\u00b0880 438 080.","robots":{"index":"index","follow":"follow","max-snippet":"max-snippet:-1","max-image-preview":"max-image-preview:large","max-video-preview":"max-video-preview:-1"},"canonical":"https:\/\/www.longfield-avocats.fr\/en\/nous-contacter\/","og_locale":"en_GB","og_type":"article","og_title":"Longfield soci\u00e9t\u00e9 d'avocats, VALENCE-D'AGEN, Barreau de MONTAUBAN","og_description":"Longfield soci\u00e9t\u00e9 d'avocats, 21 rue de la R\u00e9publique, 82400 VALENCE-D'AGEN, France. Barreau de Montauban. RCS Montauban n\u00b0880 438 080.","og_url":"https:\/\/www.longfield-avocats.fr\/en\/nous-contacter\/","og_site_name":"LONGFIELD SOCI\u00c9T\u00c9 D\u2019AVOCATS","article_modified_time":"2021-02-23T21:49:00+00:00","twitter_card":"summary_large_image","twitter_misc":{"Estimated reading time":"1 minute"},"schema":{"@context":"https:\/\/schema.org","@graph":[{"@type":"WebPage","@id":"https:\/\/www.longfield-avocats.fr\/fr_fr\/nous-contacter\/","url":"https:\/\/www.longfield-avocats.fr\/fr_fr\/nous-contacter\/","name":"Longfield soci\u00e9t\u00e9 d'avocats, VALENCE-D'AGEN, Barreau de MONTAUBAN","isPartOf":{"@id":"https:\/\/www.longfield-avocats.fr\/fr_fr\/#website"},"datePublished":"2019-07-10T14:22:13+00:00","dateModified":"2021-02-23T21:49:00+00:00","description":"Longfield soci\u00e9t\u00e9 d'avocats, 21 rue de la R\u00e9publique, 82400 VALENCE-D'AGEN, France. Barreau de Montauban. RCS Montauban n\u00b0880 438 080.","breadcrumb":{"@id":"https:\/\/www.longfield-avocats.fr\/fr_fr\/nous-contacter\/#breadcrumb"},"inLanguage":"en-GB","potentialAction":[{"@type":"ReadAction","target":["https:\/\/www.longfield-avocats.fr\/fr_fr\/nous-contacter\/"]}]},{"@type":"BreadcrumbList","@id":"https:\/\/www.longfield-avocats.fr\/fr_fr\/nous-contacter\/#breadcrumb","itemListElement":[{"@type":"ListItem","position":1,"name":"Accueil","item":"https:\/\/www.longfield-avocats.fr\/fr_fr\/"},{"@type":"ListItem","position":2,"name":"Nous contacter"}]},{"@type":"WebSite","@id":"https:\/\/www.longfield-avocats.fr\/fr_fr\/#website","url":"https:\/\/www.longfield-avocats.fr\/fr_fr\/","name":"LONGFIELD SOCI\u00c9T\u00c9 D\u2019AVOCATS","description":"we serve the needs of companies and individuals, advising them in French or English.","publisher":{"@id":"https:\/\/www.longfield-avocats.fr\/fr_fr\/#organization"},"potentialAction":[{"@type":"SearchAction","target":{"@type":"EntryPoint","urlTemplate":"https:\/\/www.longfield-avocats.fr\/fr_fr\/?s={search_term_string}"},"query-input":{"@type":"PropertyValueSpecification","valueRequired":true,"valueName":"search_term_string"}}],"inLanguage":"en-GB"},{"@type":"Organization","@id":"https:\/\/www.longfield-avocats.fr\/fr_fr\/#organization","name":"LONGFIELD SOCI\u00c9T\u00c9 D\u2019AVOCATS","url":"https:\/\/www.longfield-avocats.fr\/fr_fr\/","logo":{"@type":"ImageObject","inLanguage":"en-GB","@id":"https:\/\/www.longfield-avocats.fr\/fr_fr\/#\/schema\/logo\/image\/","url":"https:\/\/www.longfield-avocats.fr\/wp-content\/uploads\/2019\/09\/longfield_avocats_logo_250x250.png","contentUrl":"https:\/\/www.longfield-avocats.fr\/wp-content\/uploads\/2019\/09\/longfield_avocats_logo_250x250.png","width":250,"height":250,"caption":"LONGFIELD SOCI\u00c9T\u00c9 D\u2019AVOCATS"},"image":{"@id":"https:\/\/www.longfield-avocats.fr\/fr_fr\/#\/schema\/logo\/image\/"}}]}},"_links":{"self":[{"href":"https:\/\/www.longfield-avocats.fr\/en\/wp-json\/wp\/v2\/pages\/52","targetHints":{"allow":["GET"]}}],"collection":[{"href":"https:\/\/www.longfield-avocats.fr\/en\/wp-json\/wp\/v2\/pages"}],"about":[{"href":"https:\/\/www.longfield-avocats.fr\/en\/wp-json\/wp\/v2\/types\/page"}],"author":[{"embeddable":true,"href":"https:\/\/www.longfield-avocats.fr\/en\/wp-json\/wp\/v2\/users\/1"}],"replies":[{"embeddable":true,"href":"https:\/\/www.longfield-avocats.fr\/en\/wp-json\/wp\/v2\/comments?post=52"}],"version-history":[{"count":24,"href":"https:\/\/www.longfield-avocats.fr\/en\/wp-json\/wp\/v2\/pages\/52\/revisions"}],"predecessor-version":[{"id":650,"href":"https:\/\/www.longfield-avocats.fr\/en\/wp-json\/wp\/v2\/pages\/52\/revisions\/650"}],"wp:attachment":[{"href":"https:\/\/www.longfield-avocats.fr\/en\/wp-json\/wp\/v2\/media?parent=52"}],"curies":[{"name":"wp","href":"https:\/\/api.w.org\/{rel}","templated":true}]}}