{"id":345,"date":"2019-09-24T17:11:33","date_gmt":"2019-09-24T15:11:33","guid":{"rendered":"https:\/\/www.longfield-avocats.fr\/?page_id=345"},"modified":"2021-02-23T22:41:41","modified_gmt":"2021-02-23T21:41:41","slug":"politique-de-confidentialite","status":"publish","type":"page","link":"https:\/\/www.longfield-avocats.fr\/fr_fr\/politique-de-confidentialite\/","title":{"rendered":"Politique de confidentialit\u00e9"},"content":{"rendered":"\n<p>Le&nbsp;site internet&nbsp;www.longfield-avocats.fr utilise des cookies pour personnaliser le contenu et vous offrir une exp\u00e9rience utilisateur am\u00e9lior\u00e9e.<\/p>\n\n\n\n<p>Dans ce cadre,&nbsp;la collecte et le traitement&nbsp;de vos donn\u00e9es&nbsp;ont pour base l\u00e9gale&nbsp;notre&nbsp;int\u00e9r\u00eat l\u00e9gitime&nbsp;d\u2019assurer le bon fonctionnement et la s\u00e9curit\u00e9 de notre site&nbsp;internet.  LONGFIELD SOCI\u00c9T\u00c9 D\u2019AVOCATS&nbsp;ne conserve vos donn\u00e9es personnelles uniquement pour la dur\u00e9e n\u00e9cessaire aux traitements mis en place \u00e0&nbsp;cet effet,&nbsp;sous r\u00e9serve de ses obligations l\u00e9gales.&nbsp;<\/p>\n\n\n\n<p>Vous disposez de droits d\u2019acc\u00e8s et de rectification&nbsp;de vos donn\u00e9es personnelles.&nbsp;Vous disposez \u00e9galement du droit de vous opposer&nbsp;au traitement de vos&nbsp;donn\u00e9es&nbsp;personnelles&nbsp;pour motif l\u00e9gitime.&nbsp;Vous pouvez \u00e9galement \u00e0 tout moment et sans motif, vous opposer au traitement de vos&nbsp;donn\u00e9es&nbsp;personnelles \u00e0 des fins de communication.&nbsp;Ces droits peuvent \u00eatre exerc\u00e9s&nbsp;par courriel \u00e0 info @ longfield-avocats.fr ou&nbsp;par courrier&nbsp;\u00e0 l\u2019adresse suivante: LONGFIELD SOCI\u00c9T\u00c9 D\u2019AVOCATS, 21 rue de la R\u00e9publique, 82400 Valence d&rsquo;Agen, France.&nbsp;Vous&nbsp;disposez&nbsp;\u00e9galement du droit d\u2019introduire une r\u00e9clamation aupr\u00e8s de la&nbsp;<a href=\"https:\/\/www.cnil.fr\/\">CNIL<\/a>.<\/p>\n\n\n\n<p>Vous pouvez obtenir davantage d\u2019informations concernant le contr\u00f4le et la gestion des cookies en cliquant sur les liens suivants, en fonction de votre&nbsp;fa\u00e7on de vous connecter \u00e0 notre site&nbsp;internet&nbsp;:&nbsp;<a href=\"http:\/\/windows.microsoft.com\/fr-FR\/internet-explorer\/delete-manage-cookies\">Internet Explorer<\/a>,&nbsp;<a href=\"https:\/\/support.apple.com\/fr-fr\/guide\/safari\/sfri11471\/mac\">Safari<\/a>,&nbsp;<a href=\"http:\/\/support.google.com\/chrome\/bin\/answer.py?hl=fr&amp;hlrm=en&amp;answer=95647\">Chrome<\/a>,&nbsp;<a href=\"http:\/\/help.opera.com\/Windows\/10.20\/fr\/cookies.html\">Opera<\/a>,<a href=\"http:\/\/support.apple.com\/kb\/HT1677?viewlocale=fr_FR\">iOS<\/a>,&nbsp;<a href=\"https:\/\/support.google.com\/chrome\/answer\/95647?co=GENIE.Platform%3DAndroid&amp;hl=fr&amp;oco=1\">Android<\/a>,&nbsp;<a href=\"http:\/\/docs.blackberry.com\/en\/smartphone_users\/deliverables\/32004\/Turn_off_cookies_in_the_browser_60_1072866_11.jsp\">Blackberry<\/a>.<\/p>\n\n\n\n<p>N\u2019h\u00e9sitez pas \u00e0 <a href=\"https:\/\/www.longfield-avocats.fr\/nous-contacter\/\">nous contacter<\/a> pour tout renseignement \u00e0 ce sujet.<\/p>\n","protected":false},"excerpt":{"rendered":"<p>Le&nbsp;site internet&nbsp;www.longfield-avocats.fr utilise des cookies pour personnaliser le contenu et vous offrir une exp\u00e9rience utilisateur am\u00e9lior\u00e9e. Dans ce cadre,&nbsp;la collecte et le traitement&nbsp;de vos donn\u00e9es&nbsp;ont pour base l\u00e9gale&nbsp;notre&nbsp;int\u00e9r\u00eat l\u00e9gitime&nbsp;d\u2019assurer le bon fonctionnement et la s\u00e9curit\u00e9 de notre site&nbsp;internet. LONGFIELD SOCI\u00c9T\u00c9 D\u2019AVOCATS&nbsp;ne conserve vos donn\u00e9es personnelles uniquement pour la dur\u00e9e n\u00e9cessaire aux traitements mis en place &hellip; <\/p>\n<p class=\"link-more\"><a href=\"https:\/\/www.longfield-avocats.fr\/fr_fr\/politique-de-confidentialite\/\" class=\"more-link\">Continuer la lecture<span class=\"screen-reader-text\"> de &laquo;&nbsp;Politique de confidentialit\u00e9&nbsp;&raquo;<\/span><\/a><\/p>\n","protected":false},"author":1,"featured_media":0,"parent":0,"menu_order":0,"comment_status":"closed","ping_status":"closed","template":"","meta":{"footnotes":""},"class_list":["post-345","page","type-page","status-publish","hentry"],"yoast_head":"<!-- This site is optimized with the Yoast SEO plugin v27.5 - https:\/\/yoast.com\/product\/yoast-seo-wordpress\/ -->\n<title>Longfield soci\u00e9t\u00e9 d&#039;avocats, VALENCE-D&#039;AGEN. Barreau de Montauban.<\/title>\n<meta name=\"description\" content=\"Longfield soci\u00e9t\u00e9 d&#039;avocats, 21 rue de la R\u00e9publique, 82400 VALENCE-D&#039;AGEN, France. Barreau de Montauban. RCS Montauban n\u00b0880 438 080.\" \/>\n<meta name=\"robots\" content=\"index, follow, max-snippet:-1, max-image-preview:large, max-video-preview:-1\" \/>\n<link rel=\"canonical\" href=\"https:\/\/www.longfield-avocats.fr\/fr_fr\/politique-de-confidentialite\/\" \/>\n<meta property=\"og:locale\" content=\"fr_FR\" \/>\n<meta property=\"og:type\" content=\"article\" \/>\n<meta property=\"og:title\" content=\"Longfield soci\u00e9t\u00e9 d&#039;avocats, VALENCE-D&#039;AGEN. Barreau de Montauban.\" \/>\n<meta property=\"og:description\" content=\"Longfield soci\u00e9t\u00e9 d&#039;avocats, 21 rue de la R\u00e9publique, 82400 VALENCE-D&#039;AGEN, France. Barreau de Montauban. RCS Montauban n\u00b0880 438 080.\" \/>\n<meta property=\"og:url\" content=\"https:\/\/www.longfield-avocats.fr\/fr_fr\/politique-de-confidentialite\/\" \/>\n<meta property=\"og:site_name\" content=\"LONGFIELD SOCI\u00c9T\u00c9 D\u2019AVOCATS\" \/>\n<meta property=\"article:modified_time\" content=\"2021-02-23T21:41:41+00:00\" \/>\n<meta name=\"twitter:card\" content=\"summary_large_image\" \/>\n<meta name=\"twitter:label1\" content=\"Dur\u00e9e de lecture estim\u00e9e\" \/>\n\t<meta name=\"twitter:data1\" content=\"1 minute\" \/>\n<script type=\"application\/ld+json\" class=\"yoast-schema-graph\">{\"@context\":\"https:\\\/\\\/schema.org\",\"@graph\":[{\"@type\":\"WebPage\",\"@id\":\"https:\\\/\\\/www.longfield-avocats.fr\\\/en\\\/politique-de-confidentialite\\\/\",\"url\":\"https:\\\/\\\/www.longfield-avocats.fr\\\/en\\\/politique-de-confidentialite\\\/\",\"name\":\"Longfield soci\u00e9t\u00e9 d'avocats, VALENCE-D'AGEN. Barreau de Montauban.\",\"isPartOf\":{\"@id\":\"https:\\\/\\\/www.longfield-avocats.fr\\\/fr_fr\\\/#website\"},\"datePublished\":\"2019-09-24T15:11:33+00:00\",\"dateModified\":\"2021-02-23T21:41:41+00:00\",\"description\":\"Longfield soci\u00e9t\u00e9 d'avocats, 21 rue de la R\u00e9publique, 82400 VALENCE-D'AGEN, France. Barreau de Montauban. RCS Montauban n\u00b0880 438 080.\",\"breadcrumb\":{\"@id\":\"https:\\\/\\\/www.longfield-avocats.fr\\\/en\\\/politique-de-confidentialite\\\/#breadcrumb\"},\"inLanguage\":\"fr-FR\",\"potentialAction\":[{\"@type\":\"ReadAction\",\"target\":[\"https:\\\/\\\/www.longfield-avocats.fr\\\/en\\\/politique-de-confidentialite\\\/\"]}]},{\"@type\":\"BreadcrumbList\",\"@id\":\"https:\\\/\\\/www.longfield-avocats.fr\\\/en\\\/politique-de-confidentialite\\\/#breadcrumb\",\"itemListElement\":[{\"@type\":\"ListItem\",\"position\":1,\"name\":\"Accueil\",\"item\":\"https:\\\/\\\/www.longfield-avocats.fr\\\/fr_fr\\\/\"},{\"@type\":\"ListItem\",\"position\":2,\"name\":\"Politique de confidentialit\u00e9\"}]},{\"@type\":\"WebSite\",\"@id\":\"https:\\\/\\\/www.longfield-avocats.fr\\\/fr_fr\\\/#website\",\"url\":\"https:\\\/\\\/www.longfield-avocats.fr\\\/fr_fr\\\/\",\"name\":\"LONGFIELD SOCI\u00c9T\u00c9 D\u2019AVOCATS\",\"description\":\"au service de soci\u00e9t\u00e9s et de particuliers que nous conseillons en fran\u00e7ais ou en anglais.\",\"publisher\":{\"@id\":\"https:\\\/\\\/www.longfield-avocats.fr\\\/fr_fr\\\/#organization\"},\"potentialAction\":[{\"@type\":\"SearchAction\",\"target\":{\"@type\":\"EntryPoint\",\"urlTemplate\":\"https:\\\/\\\/www.longfield-avocats.fr\\\/fr_fr\\\/?s={search_term_string}\"},\"query-input\":{\"@type\":\"PropertyValueSpecification\",\"valueRequired\":true,\"valueName\":\"search_term_string\"}}],\"inLanguage\":\"fr-FR\"},{\"@type\":\"Organization\",\"@id\":\"https:\\\/\\\/www.longfield-avocats.fr\\\/fr_fr\\\/#organization\",\"name\":\"LONGFIELD SOCI\u00c9T\u00c9 D\u2019AVOCATS\",\"url\":\"https:\\\/\\\/www.longfield-avocats.fr\\\/fr_fr\\\/\",\"logo\":{\"@type\":\"ImageObject\",\"inLanguage\":\"fr-FR\",\"@id\":\"https:\\\/\\\/www.longfield-avocats.fr\\\/fr_fr\\\/#\\\/schema\\\/logo\\\/image\\\/\",\"url\":\"https:\\\/\\\/www.longfield-avocats.fr\\\/wp-content\\\/uploads\\\/2019\\\/09\\\/longfield_avocats_logo_250x250.png\",\"contentUrl\":\"https:\\\/\\\/www.longfield-avocats.fr\\\/wp-content\\\/uploads\\\/2019\\\/09\\\/longfield_avocats_logo_250x250.png\",\"width\":250,\"height\":250,\"caption\":\"LONGFIELD SOCI\u00c9T\u00c9 D\u2019AVOCATS\"},\"image\":{\"@id\":\"https:\\\/\\\/www.longfield-avocats.fr\\\/fr_fr\\\/#\\\/schema\\\/logo\\\/image\\\/\"}}]}<\/script>\n<!-- \/ Yoast SEO plugin. -->","yoast_head_json":{"title":"Longfield soci\u00e9t\u00e9 d'avocats, VALENCE-D'AGEN. Barreau de Montauban.","description":"Longfield soci\u00e9t\u00e9 d'avocats, 21 rue de la R\u00e9publique, 82400 VALENCE-D'AGEN, France. Barreau de Montauban. RCS Montauban n\u00b0880 438 080.","robots":{"index":"index","follow":"follow","max-snippet":"max-snippet:-1","max-image-preview":"max-image-preview:large","max-video-preview":"max-video-preview:-1"},"canonical":"https:\/\/www.longfield-avocats.fr\/fr_fr\/politique-de-confidentialite\/","og_locale":"fr_FR","og_type":"article","og_title":"Longfield soci\u00e9t\u00e9 d'avocats, VALENCE-D'AGEN. Barreau de Montauban.","og_description":"Longfield soci\u00e9t\u00e9 d'avocats, 21 rue de la R\u00e9publique, 82400 VALENCE-D'AGEN, France. Barreau de Montauban. RCS Montauban n\u00b0880 438 080.","og_url":"https:\/\/www.longfield-avocats.fr\/fr_fr\/politique-de-confidentialite\/","og_site_name":"LONGFIELD SOCI\u00c9T\u00c9 D\u2019AVOCATS","article_modified_time":"2021-02-23T21:41:41+00:00","twitter_card":"summary_large_image","twitter_misc":{"Dur\u00e9e de lecture estim\u00e9e":"1 minute"},"schema":{"@context":"https:\/\/schema.org","@graph":[{"@type":"WebPage","@id":"https:\/\/www.longfield-avocats.fr\/en\/politique-de-confidentialite\/","url":"https:\/\/www.longfield-avocats.fr\/en\/politique-de-confidentialite\/","name":"Longfield soci\u00e9t\u00e9 d'avocats, VALENCE-D'AGEN. Barreau de Montauban.","isPartOf":{"@id":"https:\/\/www.longfield-avocats.fr\/fr_fr\/#website"},"datePublished":"2019-09-24T15:11:33+00:00","dateModified":"2021-02-23T21:41:41+00:00","description":"Longfield soci\u00e9t\u00e9 d'avocats, 21 rue de la R\u00e9publique, 82400 VALENCE-D'AGEN, France. Barreau de Montauban. RCS Montauban n\u00b0880 438 080.","breadcrumb":{"@id":"https:\/\/www.longfield-avocats.fr\/en\/politique-de-confidentialite\/#breadcrumb"},"inLanguage":"fr-FR","potentialAction":[{"@type":"ReadAction","target":["https:\/\/www.longfield-avocats.fr\/en\/politique-de-confidentialite\/"]}]},{"@type":"BreadcrumbList","@id":"https:\/\/www.longfield-avocats.fr\/en\/politique-de-confidentialite\/#breadcrumb","itemListElement":[{"@type":"ListItem","position":1,"name":"Accueil","item":"https:\/\/www.longfield-avocats.fr\/fr_fr\/"},{"@type":"ListItem","position":2,"name":"Politique de confidentialit\u00e9"}]},{"@type":"WebSite","@id":"https:\/\/www.longfield-avocats.fr\/fr_fr\/#website","url":"https:\/\/www.longfield-avocats.fr\/fr_fr\/","name":"LONGFIELD SOCI\u00c9T\u00c9 D\u2019AVOCATS","description":"au service de soci\u00e9t\u00e9s et de particuliers que nous conseillons en fran\u00e7ais ou en anglais.","publisher":{"@id":"https:\/\/www.longfield-avocats.fr\/fr_fr\/#organization"},"potentialAction":[{"@type":"SearchAction","target":{"@type":"EntryPoint","urlTemplate":"https:\/\/www.longfield-avocats.fr\/fr_fr\/?s={search_term_string}"},"query-input":{"@type":"PropertyValueSpecification","valueRequired":true,"valueName":"search_term_string"}}],"inLanguage":"fr-FR"},{"@type":"Organization","@id":"https:\/\/www.longfield-avocats.fr\/fr_fr\/#organization","name":"LONGFIELD SOCI\u00c9T\u00c9 D\u2019AVOCATS","url":"https:\/\/www.longfield-avocats.fr\/fr_fr\/","logo":{"@type":"ImageObject","inLanguage":"fr-FR","@id":"https:\/\/www.longfield-avocats.fr\/fr_fr\/#\/schema\/logo\/image\/","url":"https:\/\/www.longfield-avocats.fr\/wp-content\/uploads\/2019\/09\/longfield_avocats_logo_250x250.png","contentUrl":"https:\/\/www.longfield-avocats.fr\/wp-content\/uploads\/2019\/09\/longfield_avocats_logo_250x250.png","width":250,"height":250,"caption":"LONGFIELD SOCI\u00c9T\u00c9 D\u2019AVOCATS"},"image":{"@id":"https:\/\/www.longfield-avocats.fr\/fr_fr\/#\/schema\/logo\/image\/"}}]}},"_links":{"self":[{"href":"https:\/\/www.longfield-avocats.fr\/fr_fr\/wp-json\/wp\/v2\/pages\/345","targetHints":{"allow":["GET"]}}],"collection":[{"href":"https:\/\/www.longfield-avocats.fr\/fr_fr\/wp-json\/wp\/v2\/pages"}],"about":[{"href":"https:\/\/www.longfield-avocats.fr\/fr_fr\/wp-json\/wp\/v2\/types\/page"}],"author":[{"embeddable":true,"href":"https:\/\/www.longfield-avocats.fr\/fr_fr\/wp-json\/wp\/v2\/users\/1"}],"replies":[{"embeddable":true,"href":"https:\/\/www.longfield-avocats.fr\/fr_fr\/wp-json\/wp\/v2\/comments?post=345"}],"version-history":[{"count":7,"href":"https:\/\/www.longfield-avocats.fr\/fr_fr\/wp-json\/wp\/v2\/pages\/345\/revisions"}],"predecessor-version":[{"id":709,"href":"https:\/\/www.longfield-avocats.fr\/fr_fr\/wp-json\/wp\/v2\/pages\/345\/revisions\/709"}],"wp:attachment":[{"href":"https:\/\/www.longfield-avocats.fr\/fr_fr\/wp-json\/wp\/v2\/media?parent=345"}],"curies":[{"name":"wp","href":"https:\/\/api.w.org\/{rel}","templated":true}]}}