{"id":596,"date":"2020-05-04T10:17:36","date_gmt":"2020-05-04T08:17:36","guid":{"rendered":"https:\/\/www.longfield-avocats.fr\/?page_id=596"},"modified":"2021-02-23T22:42:13","modified_gmt":"2021-02-23T21:42:13","slug":"pro-bono","status":"publish","type":"page","link":"https:\/\/www.longfield-avocats.fr\/fr_fr\/pro-bono\/","title":{"rendered":"Pro Bono"},"content":{"rendered":"\n<p class=\"has-text-align-left\"><a href=\"https:\/\/www.edplus.foundation\/\">Association ED PLUS<\/a><\/p>\n\n\n\n<p class=\"has-text-align-center\"> <a rel=\"noreferrer noopener\" href=\"https:\/\/www.edplus.foundation\/\" target=\"_blank\"><img loading=\"lazy\" decoding=\"async\" width=\"150\" height=\"150\" class=\"wp-image-594\" style=\"width: 150px;\" src=\"https:\/\/www.longfield-avocats.fr\/wp-content\/uploads\/2020\/05\/logoedplus.png\" alt=\"Logo ED PLUS\" srcset=\"https:\/\/www.longfield-avocats.fr\/wp-content\/uploads\/2020\/05\/logoedplus.png 556w, https:\/\/www.longfield-avocats.fr\/wp-content\/uploads\/2020\/05\/logoedplus-300x300.png 300w, https:\/\/www.longfield-avocats.fr\/wp-content\/uploads\/2020\/05\/logoedplus-150x150.png 150w, https:\/\/www.longfield-avocats.fr\/wp-content\/uploads\/2020\/05\/logoedplus-100x100.png 100w\" sizes=\"auto, (max-width: 150px) 100vw, 150px\" \/><\/a><\/p>\n\n\n\n<p>Soutien aux populations vuln\u00e9rables&nbsp;gr\u00e2ce \u00e0 l\u2019\u00e9ducation \u00e0&nbsp;l\u2019agriculture et \u00e0 l&rsquo;environnemention gr\u00e2ce \u00e0 l&rsquo;\u00e9ducation et \u00e0 la terre.<\/p>\n\n\n\n<hr class=\"wp-block-separator\"\/>\n\n\n\n<p class=\"has-text-align-left\"><a href=\"http:\/\/avocatssansfrontieres-france.org\/\">Avocats sans fronti\u00e8res<\/a><\/p>\n\n\n\n<figure class=\"wp-block-image\"><a href=\"http:\/\/avocatssansfrontieres-france.org\/\"><img loading=\"lazy\" decoding=\"async\" width=\"958\" height=\"234\" src=\"https:\/\/www.longfield-avocats.fr\/wp-content\/uploads\/2020\/05\/visuel-bandeau-1.png\" alt=\"\" class=\"wp-image-598\" srcset=\"https:\/\/www.longfield-avocats.fr\/wp-content\/uploads\/2020\/05\/visuel-bandeau-1.png 958w, https:\/\/www.longfield-avocats.fr\/wp-content\/uploads\/2020\/05\/visuel-bandeau-1-300x73.png 300w, https:\/\/www.longfield-avocats.fr\/wp-content\/uploads\/2020\/05\/visuel-bandeau-1-768x188.png 768w\" sizes=\"auto, (max-width: 767px) 89vw, (max-width: 1000px) 54vw, (max-width: 1071px) 543px, 580px\" \/><\/a><\/figure>\n\n\n\n<hr class=\"wp-block-separator\"\/>\n\n\n\n<p><a href=\"https:\/\/www.longfield-avocats.fr\/informations-legales\/\">Mentions l\u00e9gales<\/a><\/p>\n","protected":false},"excerpt":{"rendered":"<p>Association ED PLUS Soutien aux populations vuln\u00e9rables&nbsp;gr\u00e2ce \u00e0 l\u2019\u00e9ducation \u00e0&nbsp;l\u2019agriculture et \u00e0 l&rsquo;environnemention gr\u00e2ce \u00e0 l&rsquo;\u00e9ducation et \u00e0 la terre. Avocats sans fronti\u00e8res Mentions l\u00e9gales<\/p>\n","protected":false},"author":1,"featured_media":0,"parent":0,"menu_order":0,"comment_status":"closed","ping_status":"closed","template":"","meta":{"footnotes":""},"class_list":["post-596","page","type-page","status-publish","hentry"],"yoast_head":"<!-- This site is optimized with the Yoast SEO plugin v27.5 - https:\/\/yoast.com\/product\/yoast-seo-wordpress\/ -->\n<title>Longfield soci\u00e9t\u00e9 d&#039;avocats, VALENCE-D&#039;AGEN. Barreau de Montauban.<\/title>\n<meta name=\"description\" content=\"Longfield soci\u00e9t\u00e9 d&#039;avocats, 21 rue de la R\u00e9publique, 82400 VALENCE-D&#039;AGEN, France. Barreau de Montauban. RCS Montauban n\u00b0880 438 080.\" \/>\n<meta name=\"robots\" content=\"index, follow, max-snippet:-1, max-image-preview:large, max-video-preview:-1\" \/>\n<link rel=\"canonical\" href=\"https:\/\/www.longfield-avocats.fr\/fr_fr\/pro-bono\/\" \/>\n<meta property=\"og:locale\" content=\"fr_FR\" \/>\n<meta property=\"og:type\" content=\"article\" \/>\n<meta property=\"og:title\" content=\"Longfield soci\u00e9t\u00e9 d&#039;avocats, VALENCE-D&#039;AGEN. Barreau de Montauban.\" \/>\n<meta property=\"og:description\" content=\"Longfield soci\u00e9t\u00e9 d&#039;avocats, 21 rue de la R\u00e9publique, 82400 VALENCE-D&#039;AGEN, France. Barreau de Montauban. RCS Montauban n\u00b0880 438 080.\" \/>\n<meta property=\"og:url\" content=\"https:\/\/www.longfield-avocats.fr\/fr_fr\/pro-bono\/\" \/>\n<meta property=\"og:site_name\" content=\"LONGFIELD SOCI\u00c9T\u00c9 D\u2019AVOCATS\" \/>\n<meta property=\"article:modified_time\" content=\"2021-02-23T21:42:13+00:00\" \/>\n<meta property=\"og:image\" content=\"https:\/\/www.longfield-avocats.fr\/wp-content\/uploads\/2020\/05\/logoedplus.png\" \/>\n<meta name=\"twitter:card\" content=\"summary_large_image\" \/>\n<meta name=\"twitter:label1\" content=\"Dur\u00e9e de lecture estim\u00e9e\" \/>\n\t<meta name=\"twitter:data1\" content=\"1 minute\" \/>\n<script type=\"application\/ld+json\" class=\"yoast-schema-graph\">{\"@context\":\"https:\\\/\\\/schema.org\",\"@graph\":[{\"@type\":\"WebPage\",\"@id\":\"https:\\\/\\\/www.longfield-avocats.fr\\\/fr_fr\\\/pro-bono\\\/\",\"url\":\"https:\\\/\\\/www.longfield-avocats.fr\\\/fr_fr\\\/pro-bono\\\/\",\"name\":\"Longfield soci\u00e9t\u00e9 d'avocats, VALENCE-D'AGEN. Barreau de Montauban.\",\"isPartOf\":{\"@id\":\"https:\\\/\\\/www.longfield-avocats.fr\\\/fr_fr\\\/#website\"},\"primaryImageOfPage\":{\"@id\":\"https:\\\/\\\/www.longfield-avocats.fr\\\/fr_fr\\\/pro-bono\\\/#primaryimage\"},\"image\":{\"@id\":\"https:\\\/\\\/www.longfield-avocats.fr\\\/fr_fr\\\/pro-bono\\\/#primaryimage\"},\"thumbnailUrl\":\"https:\\\/\\\/www.longfield-avocats.fr\\\/wp-content\\\/uploads\\\/2020\\\/05\\\/logoedplus.png\",\"datePublished\":\"2020-05-04T08:17:36+00:00\",\"dateModified\":\"2021-02-23T21:42:13+00:00\",\"description\":\"Longfield soci\u00e9t\u00e9 d'avocats, 21 rue de la R\u00e9publique, 82400 VALENCE-D'AGEN, France. Barreau de Montauban. RCS Montauban n\u00b0880 438 080.\",\"breadcrumb\":{\"@id\":\"https:\\\/\\\/www.longfield-avocats.fr\\\/fr_fr\\\/pro-bono\\\/#breadcrumb\"},\"inLanguage\":\"fr-FR\",\"potentialAction\":[{\"@type\":\"ReadAction\",\"target\":[\"https:\\\/\\\/www.longfield-avocats.fr\\\/fr_fr\\\/pro-bono\\\/\"]}]},{\"@type\":\"ImageObject\",\"inLanguage\":\"fr-FR\",\"@id\":\"https:\\\/\\\/www.longfield-avocats.fr\\\/fr_fr\\\/pro-bono\\\/#primaryimage\",\"url\":\"https:\\\/\\\/www.longfield-avocats.fr\\\/wp-content\\\/uploads\\\/2020\\\/05\\\/logoedplus.png\",\"contentUrl\":\"https:\\\/\\\/www.longfield-avocats.fr\\\/wp-content\\\/uploads\\\/2020\\\/05\\\/logoedplus.png\"},{\"@type\":\"BreadcrumbList\",\"@id\":\"https:\\\/\\\/www.longfield-avocats.fr\\\/fr_fr\\\/pro-bono\\\/#breadcrumb\",\"itemListElement\":[{\"@type\":\"ListItem\",\"position\":1,\"name\":\"Accueil\",\"item\":\"https:\\\/\\\/www.longfield-avocats.fr\\\/fr_fr\\\/\"},{\"@type\":\"ListItem\",\"position\":2,\"name\":\"Pro Bono\"}]},{\"@type\":\"WebSite\",\"@id\":\"https:\\\/\\\/www.longfield-avocats.fr\\\/fr_fr\\\/#website\",\"url\":\"https:\\\/\\\/www.longfield-avocats.fr\\\/fr_fr\\\/\",\"name\":\"LONGFIELD SOCI\u00c9T\u00c9 D\u2019AVOCATS\",\"description\":\"au service de soci\u00e9t\u00e9s et de particuliers que nous conseillons en fran\u00e7ais ou en anglais.\",\"publisher\":{\"@id\":\"https:\\\/\\\/www.longfield-avocats.fr\\\/fr_fr\\\/#organization\"},\"potentialAction\":[{\"@type\":\"SearchAction\",\"target\":{\"@type\":\"EntryPoint\",\"urlTemplate\":\"https:\\\/\\\/www.longfield-avocats.fr\\\/fr_fr\\\/?s={search_term_string}\"},\"query-input\":{\"@type\":\"PropertyValueSpecification\",\"valueRequired\":true,\"valueName\":\"search_term_string\"}}],\"inLanguage\":\"fr-FR\"},{\"@type\":\"Organization\",\"@id\":\"https:\\\/\\\/www.longfield-avocats.fr\\\/fr_fr\\\/#organization\",\"name\":\"LONGFIELD SOCI\u00c9T\u00c9 D\u2019AVOCATS\",\"url\":\"https:\\\/\\\/www.longfield-avocats.fr\\\/fr_fr\\\/\",\"logo\":{\"@type\":\"ImageObject\",\"inLanguage\":\"fr-FR\",\"@id\":\"https:\\\/\\\/www.longfield-avocats.fr\\\/fr_fr\\\/#\\\/schema\\\/logo\\\/image\\\/\",\"url\":\"https:\\\/\\\/www.longfield-avocats.fr\\\/wp-content\\\/uploads\\\/2019\\\/09\\\/longfield_avocats_logo_250x250.png\",\"contentUrl\":\"https:\\\/\\\/www.longfield-avocats.fr\\\/wp-content\\\/uploads\\\/2019\\\/09\\\/longfield_avocats_logo_250x250.png\",\"width\":250,\"height\":250,\"caption\":\"LONGFIELD SOCI\u00c9T\u00c9 D\u2019AVOCATS\"},\"image\":{\"@id\":\"https:\\\/\\\/www.longfield-avocats.fr\\\/fr_fr\\\/#\\\/schema\\\/logo\\\/image\\\/\"}}]}<\/script>\n<!-- \/ Yoast SEO plugin. -->","yoast_head_json":{"title":"Longfield soci\u00e9t\u00e9 d'avocats, VALENCE-D'AGEN. Barreau de Montauban.","description":"Longfield soci\u00e9t\u00e9 d'avocats, 21 rue de la R\u00e9publique, 82400 VALENCE-D'AGEN, France. Barreau de Montauban. RCS Montauban n\u00b0880 438 080.","robots":{"index":"index","follow":"follow","max-snippet":"max-snippet:-1","max-image-preview":"max-image-preview:large","max-video-preview":"max-video-preview:-1"},"canonical":"https:\/\/www.longfield-avocats.fr\/fr_fr\/pro-bono\/","og_locale":"fr_FR","og_type":"article","og_title":"Longfield soci\u00e9t\u00e9 d'avocats, VALENCE-D'AGEN. Barreau de Montauban.","og_description":"Longfield soci\u00e9t\u00e9 d'avocats, 21 rue de la R\u00e9publique, 82400 VALENCE-D'AGEN, France. Barreau de Montauban. RCS Montauban n\u00b0880 438 080.","og_url":"https:\/\/www.longfield-avocats.fr\/fr_fr\/pro-bono\/","og_site_name":"LONGFIELD SOCI\u00c9T\u00c9 D\u2019AVOCATS","article_modified_time":"2021-02-23T21:42:13+00:00","og_image":[{"url":"https:\/\/www.longfield-avocats.fr\/wp-content\/uploads\/2020\/05\/logoedplus.png","type":"","width":"","height":""}],"twitter_card":"summary_large_image","twitter_misc":{"Dur\u00e9e de lecture estim\u00e9e":"1 minute"},"schema":{"@context":"https:\/\/schema.org","@graph":[{"@type":"WebPage","@id":"https:\/\/www.longfield-avocats.fr\/fr_fr\/pro-bono\/","url":"https:\/\/www.longfield-avocats.fr\/fr_fr\/pro-bono\/","name":"Longfield soci\u00e9t\u00e9 d'avocats, VALENCE-D'AGEN. Barreau de Montauban.","isPartOf":{"@id":"https:\/\/www.longfield-avocats.fr\/fr_fr\/#website"},"primaryImageOfPage":{"@id":"https:\/\/www.longfield-avocats.fr\/fr_fr\/pro-bono\/#primaryimage"},"image":{"@id":"https:\/\/www.longfield-avocats.fr\/fr_fr\/pro-bono\/#primaryimage"},"thumbnailUrl":"https:\/\/www.longfield-avocats.fr\/wp-content\/uploads\/2020\/05\/logoedplus.png","datePublished":"2020-05-04T08:17:36+00:00","dateModified":"2021-02-23T21:42:13+00:00","description":"Longfield soci\u00e9t\u00e9 d'avocats, 21 rue de la R\u00e9publique, 82400 VALENCE-D'AGEN, France. Barreau de Montauban. RCS Montauban n\u00b0880 438 080.","breadcrumb":{"@id":"https:\/\/www.longfield-avocats.fr\/fr_fr\/pro-bono\/#breadcrumb"},"inLanguage":"fr-FR","potentialAction":[{"@type":"ReadAction","target":["https:\/\/www.longfield-avocats.fr\/fr_fr\/pro-bono\/"]}]},{"@type":"ImageObject","inLanguage":"fr-FR","@id":"https:\/\/www.longfield-avocats.fr\/fr_fr\/pro-bono\/#primaryimage","url":"https:\/\/www.longfield-avocats.fr\/wp-content\/uploads\/2020\/05\/logoedplus.png","contentUrl":"https:\/\/www.longfield-avocats.fr\/wp-content\/uploads\/2020\/05\/logoedplus.png"},{"@type":"BreadcrumbList","@id":"https:\/\/www.longfield-avocats.fr\/fr_fr\/pro-bono\/#breadcrumb","itemListElement":[{"@type":"ListItem","position":1,"name":"Accueil","item":"https:\/\/www.longfield-avocats.fr\/fr_fr\/"},{"@type":"ListItem","position":2,"name":"Pro Bono"}]},{"@type":"WebSite","@id":"https:\/\/www.longfield-avocats.fr\/fr_fr\/#website","url":"https:\/\/www.longfield-avocats.fr\/fr_fr\/","name":"LONGFIELD SOCI\u00c9T\u00c9 D\u2019AVOCATS","description":"au service de soci\u00e9t\u00e9s et de particuliers que nous conseillons en fran\u00e7ais ou en anglais.","publisher":{"@id":"https:\/\/www.longfield-avocats.fr\/fr_fr\/#organization"},"potentialAction":[{"@type":"SearchAction","target":{"@type":"EntryPoint","urlTemplate":"https:\/\/www.longfield-avocats.fr\/fr_fr\/?s={search_term_string}"},"query-input":{"@type":"PropertyValueSpecification","valueRequired":true,"valueName":"search_term_string"}}],"inLanguage":"fr-FR"},{"@type":"Organization","@id":"https:\/\/www.longfield-avocats.fr\/fr_fr\/#organization","name":"LONGFIELD SOCI\u00c9T\u00c9 D\u2019AVOCATS","url":"https:\/\/www.longfield-avocats.fr\/fr_fr\/","logo":{"@type":"ImageObject","inLanguage":"fr-FR","@id":"https:\/\/www.longfield-avocats.fr\/fr_fr\/#\/schema\/logo\/image\/","url":"https:\/\/www.longfield-avocats.fr\/wp-content\/uploads\/2019\/09\/longfield_avocats_logo_250x250.png","contentUrl":"https:\/\/www.longfield-avocats.fr\/wp-content\/uploads\/2019\/09\/longfield_avocats_logo_250x250.png","width":250,"height":250,"caption":"LONGFIELD SOCI\u00c9T\u00c9 D\u2019AVOCATS"},"image":{"@id":"https:\/\/www.longfield-avocats.fr\/fr_fr\/#\/schema\/logo\/image\/"}}]}},"_links":{"self":[{"href":"https:\/\/www.longfield-avocats.fr\/fr_fr\/wp-json\/wp\/v2\/pages\/596","targetHints":{"allow":["GET"]}}],"collection":[{"href":"https:\/\/www.longfield-avocats.fr\/fr_fr\/wp-json\/wp\/v2\/pages"}],"about":[{"href":"https:\/\/www.longfield-avocats.fr\/fr_fr\/wp-json\/wp\/v2\/types\/page"}],"author":[{"embeddable":true,"href":"https:\/\/www.longfield-avocats.fr\/fr_fr\/wp-json\/wp\/v2\/users\/1"}],"replies":[{"embeddable":true,"href":"https:\/\/www.longfield-avocats.fr\/fr_fr\/wp-json\/wp\/v2\/comments?post=596"}],"version-history":[{"count":5,"href":"https:\/\/www.longfield-avocats.fr\/fr_fr\/wp-json\/wp\/v2\/pages\/596\/revisions"}],"predecessor-version":[{"id":603,"href":"https:\/\/www.longfield-avocats.fr\/fr_fr\/wp-json\/wp\/v2\/pages\/596\/revisions\/603"}],"wp:attachment":[{"href":"https:\/\/www.longfield-avocats.fr\/fr_fr\/wp-json\/wp\/v2\/media?parent=596"}],"curies":[{"name":"wp","href":"https:\/\/api.w.org\/{rel}","templated":true}]}}